{"id":5941,"date":"2022-05-08T08:17:12","date_gmt":"2022-05-08T08:17:12","guid":{"rendered":"http:\/\/sugarseb.local\/?page_id=5941"},"modified":"2022-06-30T08:17:10","modified_gmt":"2022-06-30T08:17:10","slug":"kezelheto-betegsegek","status":"publish","type":"page","link":"https:\/\/sugarsebeszet.hu\/en\/kezelheto-betegsegek\/","title":{"rendered":"Treatable illnesses"},"content":{"rendered":"<div data-elementor-type=\"wp-page\" data-elementor-id=\"5941\" class=\"elementor elementor-5941\" data-elementor-post-type=\"page\">\n\t\t\t\t\t\t\t\t\t<section class=\"elementor-section elementor-top-section elementor-element elementor-element-3a888869 elementor-section-full_width elementor-section-stretched elementor-section-height-default elementor-section-height-default\" data-id=\"3a888869\" data-element_type=\"section\" data-settings=\"{&quot;stretch_section&quot;:&quot;section-stretched&quot;,&quot;background_background&quot;:&quot;classic&quot;}\">\n\t\t\t\t\t\t<div class=\"elementor-container elementor-column-gap-default\">\n\t\t\t\t\t<div class=\"elementor-column elementor-col-100 elementor-top-column elementor-element elementor-element-166e5549\" data-id=\"166e5549\" data-element_type=\"column\">\n\t\t\t<div class=\"elementor-widget-wrap elementor-element-populated\">\n\t\t\t\t\t\t\t\t<section class=\"elementor-section elementor-inner-section elementor-element elementor-element-328bb4 elementor-section-boxed elementor-section-height-default elementor-section-height-default\" data-id=\"328bb4\" data-element_type=\"section\">\n\t\t\t\t\t\t<div class=\"elementor-container elementor-column-gap-default\">\n\t\t\t\t\t<div class=\"elementor-column elementor-col-100 elementor-inner-column elementor-element elementor-element-26adec49\" data-id=\"26adec49\" data-element_type=\"column\">\n\t\t\t<div class=\"elementor-widget-wrap elementor-element-populated\">\n\t\t\t\t\t\t\t\t<div class=\"elementor-element elementor-element-52d5ef02 elementor-widget__width-auto elementor-widget elementor-widget-elementskit-heading\" data-id=\"52d5ef02\" data-element_type=\"widget\" data-widget_type=\"elementskit-heading.default\">\n\t\t\t\t<div class=\"elementor-widget-container\">\n\t\t\t<div class=\"ekit-wid-con\" ><div class=\"ekit-heading elementskit-section-title-wraper text_left   ekit_heading_tablet-   ekit_heading_mobile-\"><h1 class=\"ekit-heading--title elementskit-section-title\">Treatable illnesses<\/h1><\/div><\/div>\t\t<\/div>\n\t\t\t\t<\/div>\n\t\t\t\t\t<\/div>\n\t\t<\/div>\n\t\t\t\t\t\t\t<\/div>\n\t\t<\/section>\n\t\t\t\t\t<\/div>\n\t\t<\/div>\n\t\t\t\t\t\t\t<\/div>\n\t\t<\/section>\n\t\t\t\t<section class=\"elementor-section elementor-top-section elementor-element elementor-element-f977ca0 elementor-section-boxed elementor-section-height-default elementor-section-height-default\" data-id=\"f977ca0\" data-element_type=\"section\">\n\t\t\t\t\t\t<div class=\"elementor-container elementor-column-gap-extended\">\n\t\t\t\t\t<div class=\"elementor-column elementor-col-100 elementor-top-column elementor-element elementor-element-4480393f\" data-id=\"4480393f\" data-element_type=\"column\">\n\t\t\t<div class=\"elementor-widget-wrap elementor-element-populated\">\n\t\t\t\t\t\t\t\t<div class=\"elementor-element elementor-element-541845b elementor-widget elementor-widget-elementskit-heading\" data-id=\"541845b\" data-element_type=\"widget\" data-widget_type=\"elementskit-heading.default\">\n\t\t\t\t<div class=\"elementor-widget-container\">\n\t\t\t<div class=\"ekit-wid-con\" ><div class=\"ekit-heading elementskit-section-title-wraper text_left   ekit_heading_tablet-   ekit_heading_mobile-\"><h2 class=\"ekit-heading--title elementskit-section-title\">The outcome of radiosurgical treatments is\ndifferent for each type of abnormality<\/h2>\t\t\t\t<div class='ekit-heading__description'>\n\t\t\t\t\t<p>The result of radiosurgery treatment may vary\ndepending on the effect of the ionizing gamma\nrays directed by the device at the focal point on\nthe tissue. The results are usually not\nimmediate. The radiation passing through the\ntissue may cause changes in cell function,\nleading to cell death or cell division. These\nprocesses do not usually produce immediate\nchanges but can take weeks, months, or even\nyears to reach the desired effect, depending on\nthe intensity of the irradiation.<\/p>\n<p>The desired\neffect can be the stopping of tumor growth, the\nshrinking or even disappearance of the tumor,\nor in optimal cases, the thickening of blood\nvessel walls, thus blocking blood vessels. The\ndesired effects can be checked and monitored\nby imaging studies and by clinical examinations\nduring subsequent medical reviews. If the\ndesired outcome cannot be achieved with\nsingle irradiation further repeated or\nsupplementary treatments may be necessary.<\/p>\n\t\t\t\t<\/div>\n\t\t\t<\/div><\/div>\t\t<\/div>\n\t\t\t\t<\/div>\n\t\t\t\t\t<\/div>\n\t\t<\/div>\n\t\t\t\t\t\t\t<\/div>\n\t\t<\/section>\n\t\t\t\t<section class=\"elementor-section elementor-top-section elementor-element elementor-element-fca09e1 elementor-section-boxed elementor-section-height-default elementor-section-height-default\" data-id=\"fca09e1\" data-element_type=\"section\">\n\t\t\t\t\t\t<div class=\"elementor-container elementor-column-gap-extended\">\n\t\t\t\t\t<div class=\"elementor-column elementor-col-100 elementor-top-column elementor-element elementor-element-bb557ef\" data-id=\"bb557ef\" data-element_type=\"column\">\n\t\t\t<div class=\"elementor-widget-wrap elementor-element-populated\">\n\t\t\t\t\t\t\t\t<div class=\"elementor-element elementor-element-9372c5a elementor-widget elementor-widget-elementskit-heading\" data-id=\"9372c5a\" data-element_type=\"widget\" data-widget_type=\"elementskit-heading.default\">\n\t\t\t\t<div class=\"elementor-widget-container\">\n\t\t\t<div class=\"ekit-wid-con\" ><div class=\"ekit-heading elementskit-section-title-wraper text_left   ekit_heading_tablet-   ekit_heading_mobile-\"><h2 class=\"ekit-heading--title elementskit-section-title\">Diseases treated with gamma radiosurgery<\/h2>\t\t\t\t<div class='ekit-heading__description'>\n\t\t\t\t\t<p>Based on our experience and that of the\ninternational radiosurgery community over the\npast decades, the following diseases can be\nmost effectively treated by radiosurgery:<\/p>\n<p>Malignant tumors<\/p>\n<p>Malignant tumors<\/p>\n<p>Metastases to the brain<\/p>\n<p>Benign tumors of the auditory nerve<\/p>\n<p>Benign tumors originating in the cerebral cortex\nmeningiomas<\/p>\n<p>Other rare types of tumors (glomus tumor, rare\ntumors of the brain nerves, etc.)<\/p>\n<p>Brain vascular lesions (AVM, cavernoma)<\/p>\n<p>Facial nerve entrapment<\/p>\n<p>In addition to the type of tumor, several other\nconditions must be met before certain lesions\ncan be treated. Treatment is influenced by the\nsize of the lesion, or its overall size if there are\nmultiple lesions, its location, its relationship to\nvital organs (e.g., the optical nerve), and\npossibly pre-existing histological findings. Each\npatient, therefore, requires an individual\nassessment. After examining the patient and\ntheir case documentation, a specialist in\nradiosurgery (neurosurgeon, radiotherapist,\noncologist) can give an opinion on whether the\npatient can be offered treatment. This\nphysician will also be able to advise on the\npossible outcome of the treatment, the risks,\nand possible complications of the procedure,\nand what other procedures may be available in\nthe case.<\/p>\n\t\t\t\t<\/div>\n\t\t\t<\/div><\/div>\t\t<\/div>\n\t\t\t\t<\/div>\n\t\t\t\t<div class=\"elementor-element elementor-element-ec004b4 elementor-widget elementor-widget-menu-anchor\" data-id=\"ec004b4\" data-element_type=\"widget\" data-widget_type=\"menu-anchor.default\">\n\t\t\t\t<div class=\"elementor-widget-container\">\n\t\t\t<style>\/*! elementor - v3.16.0 - 20-09-2023 *\/\nbody.elementor-page .elementor-widget-menu-anchor{margin-bottom:0}<\/style>\t\t<div id=\"halloideg\" class=\"elementor-menu-anchor\"><\/div>\n\t\t\t\t<\/div>\n\t\t\t\t<\/div>\n\t\t\t\t\t<\/div>\n\t\t<\/div>\n\t\t\t\t\t\t\t<\/div>\n\t\t<\/section>\n\t\t\t\t<section class=\"elementor-section elementor-top-section elementor-element elementor-element-e9604b3 elementor-section-boxed elementor-section-height-default elementor-section-height-default\" data-id=\"e9604b3\" data-element_type=\"section\">\n\t\t\t\t\t\t<div class=\"elementor-container elementor-column-gap-extended\">\n\t\t\t\t\t<div class=\"elementor-column elementor-col-100 elementor-top-column elementor-element elementor-element-e538bdf\" data-id=\"e538bdf\" data-element_type=\"column\">\n\t\t\t<div class=\"elementor-widget-wrap elementor-element-populated\">\n\t\t\t\t\t\t\t\t<div class=\"elementor-element elementor-element-20ebd81 elementor-widget elementor-widget-elementskit-heading\" data-id=\"20ebd81\" data-element_type=\"widget\" data-widget_type=\"elementskit-heading.default\">\n\t\t\t\t<div class=\"elementor-widget-container\">\n\t\t\t<div class=\"ekit-wid-con\" ><div class=\"ekit-heading elementskit-section-title-wraper text_left   ekit_heading_tablet-   ekit_heading_mobile-\"><h2 class=\"ekit-heading--title elementskit-section-title\">Benign tumor of the auditory nerve (also\nknown as acoustic neurinoma or vestibular schwannoma)<\/h2>\t\t\t\t<div class='ekit-heading__description'>\n\t\t\t\t\t<p>An acoustic neurinoma is a tumor originating in\nthe vestibular part of the VIII\n(vestibulocochlear) nerve. It is caused by the\nabnormal proliferation of Schwann cells, which\nform the myelin sheath of the brain nerve. With\nfew exceptions, it is a benign tumor and grows\nvery slowly.<\/p>\n<p>The tumor usually starts in the internal auditory\ncanal and then grows out of it and is located in\nthe pontocerebellar angle of the cerebellar\nbridge.<\/p>\n<p>It is a rare type of tumor. According to\nliterature data, there are 100-200 newly\ndiagnosed cases of auditory nerve tumors in\nHungary every year; but the number is\nincreasing year-by-year.<\/p>\n<p>The number of patients\nwith auditory nerve tumors might be higher, as some cases are not even detected, given that\nthe disease often causes no symptoms. It is\nmost often detected around the age of 40-60\nbut can occur at virtually any age, and it is\nslightly more common in women. In some\ninherited diseases, such as various forms of\nneurofibromatosis, tumors can develop on one\nor both sides, along with many other types of\ntumors.<\/p>\n<p>The most common symptoms of auditory nerve\ntumors are due to pressure on the VIII, VII, and\nV cranial nerves. Such symptoms may include\nslow or sudden loss of hearing, ringing of the\near (tinnitus), loss of balance, facial paralysis,\ndisturbance of tear and saliva secretion (dry\neyes, mouth), disturbance of taste, facial\nsensation, etc.<\/p>\n<p>In severe cases, when the tumor is large, other\nbrain nerves and the brain stem may get\ndamaged. Even brain fluid buildup\n(hydrocephalus) or loss, and in the worst cases,\neven death may occur.<\/p>\n<p>If the tumor is a few millimeters small, regular\nmonitoring of the patient may be sufficient. If,\nthe tumor is growing or is already large when\ndetected, treatment may be necessary. These\ntumors can be treated by open cranial surgery,\nradiosurgery, or a combination of both.<\/p>\n<p>The surgical removal of an auditory nerve\ntumor is one of the high-risk neurosurgical\nprocedures, despite the large number of\npatients worldwide who undergo this\noperation.<\/p>\n<p>Due to the location and the size of\nthe tumor, several complications are possible,\nsome of which can lead to a marked\ndeterioration in the quality of life.<\/p>\n<p>The risk of\ndeveloping temporary or permanent facial\nnerve paralysis is particularly high (up to 30-\n40%).<\/p>\n<p>Statistics and our own experience suggest\nthat with radiosurgery this risk can be\nsignificantly reduced to less than 5%. For this\nreason, conventional surgery, nowadays used\nmainly for complications and large tumors.\nRadiosurgery can reduce the size of tumors\nand-or even remove them completely.<\/p>\n<p>Thus, eliminating the pressure on the surrounding\narea. Small and medium-sized tumors of the\nauditory nerve do not usually cause enough\npressure on the surrounding area to warrant\nsurgery. They mainly cause hearing loss or\nmovement disorders, which is why they are\ndetected.<\/p>\n<p>For these tumors, which are usually less than 3 cm in diameter, radiosurgery is a good alternative to surgery, which in most cases can ensure that the tumor stops growing (i.e., tumor control). In many cases, after some years, tumor shrinkage can be observed.<\/p>\n\t\t\t\t<\/div>\n\t\t\t<\/div><\/div>\t\t<\/div>\n\t\t\t\t<\/div>\n\t\t\t\t<div class=\"elementor-element elementor-element-868367e elementor-widget elementor-widget-menu-anchor\" data-id=\"868367e\" data-element_type=\"widget\" data-widget_type=\"menu-anchor.default\">\n\t\t\t\t<div class=\"elementor-widget-container\">\n\t\t\t\t\t<div id=\"agyiattet\" class=\"elementor-menu-anchor\"><\/div>\n\t\t\t\t<\/div>\n\t\t\t\t<\/div>\n\t\t\t\t\t<\/div>\n\t\t<\/div>\n\t\t\t\t\t\t\t<\/div>\n\t\t<\/section>\n\t\t\t\t<section class=\"elementor-section elementor-top-section elementor-element elementor-element-23b2ada elementor-section-boxed elementor-section-height-default elementor-section-height-default\" data-id=\"23b2ada\" data-element_type=\"section\" id=\"agyiattet\">\n\t\t\t\t\t\t<div class=\"elementor-container elementor-column-gap-extended\">\n\t\t\t\t\t<div class=\"elementor-column elementor-col-100 elementor-top-column elementor-element elementor-element-bcb0efa\" data-id=\"bcb0efa\" data-element_type=\"column\">\n\t\t\t<div class=\"elementor-widget-wrap elementor-element-populated\">\n\t\t\t\t\t\t\t\t<div class=\"elementor-element elementor-element-b8e577a elementor-widget elementor-widget-elementskit-heading\" data-id=\"b8e577a\" data-element_type=\"widget\" data-widget_type=\"elementskit-heading.default\">\n\t\t\t\t<div class=\"elementor-widget-container\">\n\t\t\t<div class=\"ekit-wid-con\" ><div class=\"ekit-heading elementskit-section-title-wraper text_left   ekit_heading_tablet-   ekit_heading_mobile-\"><h2 class=\"ekit-heading--title elementskit-section-title\">Brain metastases<\/h2>\t\t\t\t<div class='ekit-heading__description'>\n\t\t\t\t\t<p>Many aggressive tumors occur in the body\n(lung, breast, intestine, kidney, skin).<\/p>\n<p>The cells of these tumors can travel via the bloodstream to distant organs, including the brain, where they can form metastases.<\/p>\n<p>Depending on the size and number of tumors, their impact on the brain these tumors can be treated with neurosurgery, radiosurgery, radiotherapy, or a combination of these.<\/p>\n<p>In patients, who are in\ngood general condition and have a limited\nnumber of smaller tumors (max 4-5 tumors),\ntargeted radiosurgical treatment may be\neffective.<\/p>\n<p>The aim of the treatment is to deliver\nionizing radiation only to the tumor areas, while\nprotecting the healthy brain areas from harmful\neffects.<\/p>\n<p>If the number and total volume of\ntumors is large, stereotactic fractionated brain\nirradiation (SBRT) or conventional whole brain\nirradiation (WBRT) is recommended in regional\nradiotherapy facilities.<\/p>\n<p>The latter procedure is\nalso necessary in the case of tumor spread\ncausing leptomeningeal infiltration of the brain\nmembrane (meninges).<br \/><a><\/a><br \/><br><\/p>\n<p><br><\/p>\n\t\t\t\t<\/div>\n\t\t\t<\/div><\/div>\t\t<\/div>\n\t\t\t\t<\/div>\n\t\t\t\t<div class=\"elementor-element elementor-element-c3b8647 elementor-widget elementor-widget-menu-anchor\" data-id=\"c3b8647\" data-element_type=\"widget\" data-widget_type=\"menu-anchor.default\">\n\t\t\t\t<div class=\"elementor-widget-container\">\n\t\t\t\t\t<div id=\"erfejlodes\" class=\"elementor-menu-anchor\"><\/div>\n\t\t\t\t<\/div>\n\t\t\t\t<\/div>\n\t\t\t\t\t<\/div>\n\t\t<\/div>\n\t\t\t\t\t\t\t<\/div>\n\t\t<\/section>\n\t\t\t\t<section class=\"elementor-section elementor-top-section elementor-element elementor-element-f54e257 elementor-section-boxed elementor-section-height-default elementor-section-height-default\" data-id=\"f54e257\" data-element_type=\"section\" id=\"erfejlodes\">\n\t\t\t\t\t\t<div class=\"elementor-container elementor-column-gap-extended\">\n\t\t\t\t\t<div class=\"elementor-column elementor-col-100 elementor-top-column elementor-element elementor-element-fedbb3d\" data-id=\"fedbb3d\" data-element_type=\"column\">\n\t\t\t<div class=\"elementor-widget-wrap elementor-element-populated\">\n\t\t\t\t\t\t\t\t<div class=\"elementor-element elementor-element-7b8c779 elementor-widget elementor-widget-elementskit-heading\" data-id=\"7b8c779\" data-element_type=\"widget\" data-widget_type=\"elementskit-heading.default\">\n\t\t\t\t<div class=\"elementor-widget-container\">\n\t\t\t<div class=\"ekit-wid-con\" ><div class=\"ekit-heading elementskit-section-title-wraper text_left   ekit_heading_tablet-   ekit_heading_mobile-\"><h2 class=\"ekit-heading--title elementskit-section-title\">Brain vascular malformations - angiomas\n(AVM), cavernomas<\/h2>\t\t\t\t<div class='ekit-heading__description'>\n\t\t\t\t\t<p>Many non-tumor vascular disorders of the brain\nthat, if detected (typically in the case of a\nheadache or stroke problem), require\ntreatment.<\/p>\n<p>This treatment can be by surgical\nblockage of the blood vessels, catheterization\nusing a metal coil or special adhesive (vascular\nembolization), surgical removal of the\nabnormality, or radiosurgery.<br \/><a><\/a><br \/>Radiosurgery is\nused for small angiomas, difficult-to-reach\nhemorrhagic cavernomas, or the smaller\nremnants of embolized angiomas treated in a\nmultistage procedure.<\/p>\n<p>Radiosurgery induces the\nproliferation of the inner cells of the abnormal\nvessels of the vascular bundle, which, over a\nlong period (up to several years), leads to the\nthickening of the vessel wall, a gradual\nocclusion of the vessels, and the reduction of\nthe possibility of bleeding.\nThe risk of bleeding persists from the time of\ntreatment until complete occlusion, but\ngenerally, it is reduced gradually after\ntreatment.<\/p>\n\t\t\t\t<\/div>\n\t\t\t<\/div><\/div>\t\t<\/div>\n\t\t\t\t<\/div>\n\t\t\t\t<div class=\"elementor-element elementor-element-4468848 elementor-widget elementor-widget-menu-anchor\" data-id=\"4468848\" data-element_type=\"widget\" data-widget_type=\"menu-anchor.default\">\n\t\t\t\t<div class=\"elementor-widget-container\">\n\t\t\t\t\t<div id=\"arcideg\" class=\"elementor-menu-anchor\"><\/div>\n\t\t\t\t<\/div>\n\t\t\t\t<\/div>\n\t\t\t\t\t<\/div>\n\t\t<\/div>\n\t\t\t\t\t\t\t<\/div>\n\t\t<\/section>\n\t\t\t\t<section class=\"elementor-section elementor-top-section elementor-element elementor-element-5f8f9fb elementor-section-boxed elementor-section-height-default elementor-section-height-default\" data-id=\"5f8f9fb\" data-element_type=\"section\" id=\"arcideg\">\n\t\t\t\t\t\t<div class=\"elementor-container elementor-column-gap-extended\">\n\t\t\t\t\t<div class=\"elementor-column elementor-col-100 elementor-top-column elementor-element elementor-element-7065461\" data-id=\"7065461\" data-element_type=\"column\">\n\t\t\t<div class=\"elementor-widget-wrap elementor-element-populated\">\n\t\t\t\t\t\t\t\t<div class=\"elementor-element elementor-element-6457ee7 elementor-widget elementor-widget-elementskit-heading\" data-id=\"6457ee7\" data-element_type=\"widget\" data-widget_type=\"elementskit-heading.default\">\n\t\t\t\t<div class=\"elementor-widget-container\">\n\t\t\t<div class=\"ekit-wid-con\" ><div class=\"ekit-heading elementskit-section-title-wraper text_left   ekit_heading_tablet-   ekit_heading_mobile-\"><h2 class=\"ekit-heading--title elementskit-section-title\">Trigeminal neuralgia - tic doloureux<\/h2>\t\t\t\t<div class='ekit-heading__description'>\n\t\t\t\t\t<p>Trigeminal neuralgia is an intense pain in the\narea supplied by the sensory part of the V nerve\n of the facial\nskin, the mucous membranes of the mouth, the\nteeth, the orbits of the eyes.<\/p>\n<p>This occurs in the\nsecond and third nerve branches.<\/p>\n<p>The cause of the disease is mostly unknown\n(idiopathic), but in some cases it may be due to\ndental disease, mechanical damage to the\nnerve fiber (e.g., pulsating vascular lesions,\nplaque), inflammatory lesions, herpes virus\ninfection, tumors, etc.<\/p>\n<p>In addition to the neurological examination, CT\nand MRI or MRA imaging play a role in the\ndiagnosis.<\/p>\n<p>Treatment is basically with medication, but if\nthe facial nerve does not respond to therapy, other treatment modalities, such as surgery and\nradiosurgery are considered.<\/p>\n<p>In cases that do not improve with medication,\nand the where vascular compression on the\nnerve fiber is not visible, or the patient is too\nold or internally unstable, or the patient refuses\nopen cranial surgery, destruction of the nerve\nfiber by radiosurgery can relieve symptoms\nand, or even eliminate them.<\/p>\n<p>In these cases, it is\nworth visiting a neurosurgery specialist for the\ntreatment of trigeminal neuralgia.<\/p>\n<p>After a\nproper examination, a decision can be made,\nconsidering the patient&#039;s opinion, as to which\nintervention may lead to a successful outcome.<\/p>\n<p>If radiosurgery is recommended, in Hungary, it\ncan only be performed at the Radiosurgery\nCenter in Debrecen.<\/p>\n<p>In this case, please contact\nour neurosurgical colleagues for further\ninformation.<\/p>\n<p><br><\/p>\n<p><br><\/p>\n\t\t\t\t<\/div>\n\t\t\t<\/div><\/div>\t\t<\/div>\n\t\t\t\t<\/div>\n\t\t\t\t\t<\/div>\n\t\t<\/div>\n\t\t\t\t\t\t\t<\/div>\n\t\t<\/section>\n\t\t\t\t<section class=\"elementor-section elementor-top-section elementor-element elementor-element-35c44ffb elementor-section-boxed elementor-section-height-default elementor-section-height-default\" data-id=\"35c44ffb\" data-element_type=\"section\">\n\t\t\t\t\t\t<div class=\"elementor-container elementor-column-gap-default\">\n\t\t\t\t\t<div class=\"elementor-column elementor-col-100 elementor-top-column elementor-element elementor-element-868512\" data-id=\"868512\" data-element_type=\"column\">\n\t\t\t<div class=\"elementor-widget-wrap elementor-element-populated\">\n\t\t\t\t\t\t\t\t<div class=\"elementor-element elementor-element-b1d4d34 elementor-fixed elementor-widget__width-auto elementor-widget elementor-widget-global elementor-global-6174 elementor-widget-elementskit-button\" data-id=\"b1d4d34\" data-element_type=\"widget\" data-settings=\"{&quot;_position&quot;:&quot;fixed&quot;}\" data-widget_type=\"elementskit-button.default\">\n\t\t\t\t<div class=\"elementor-widget-container\">\n\t\t\t<div class=\"ekit-wid-con\" >\t\t<div class=\"ekit-btn-wraper\">\n\t\t\t\t\t\t\t<a href=\"#elementor-action:action=popup:open&settings=eyJpZCI6IjYwMzgiLCJ0b2dnbGUiOmZhbHNlfQ==\" class=\"elementskit-btn  whitespace--normal\" >\n\t\t\t\t\t\n\t\t\t\t\t<i aria-hidden=\"true\" class=\"icon icon-chat\"><\/i>\n\t\t\t\t\tConsultation\t\t\t\t<\/a>\n\t\t\t\t\t\t<\/div>\n        <\/div>\t\t<\/div>\n\t\t\t\t<\/div>\n\t\t\t\t\t<\/div>\n\t\t<\/div>\n\t\t\t\t\t\t\t<\/div>\n\t\t<\/section>\n\t\t\t\t\t\t\t<\/div>","protected":false},"excerpt":{"rendered":"<p>Kezelhet\u0151 betegs\u00e9gek Betegs\u00e9gt\u00edpusonk\u00e9nt m\u00e1s id\u0151pontban jelentkez\u0151 hat\u00e1s Maga a sug\u00e1rseb\u00e9szeti kezel\u00e9s egy hosszabb t\u00e1von megval\u00f3sul\u00f3, roncsol\u00f3 folyamatot ind\u00edt be a betegs\u00e9ggel \u00e9rintett ter\u00fcleten. A kezel\u00e9s ut\u00e1n k\u00f6zvetlen\u00fcl ez\u00e9rt m\u00e9g azonnali hat\u00e1s nem l\u00e1that\u00f3: n\u00e9h\u00e1ny h\u00f3nap ut\u00e1n a folyamat alakul\u00e1sa azonban k\u00e9palkot\u00f3 felv\u00e9telen m\u00e1r lek\u00f6vethet\u0151. A beavatkoz\u00e1s v\u00e9gleges eredm\u00e9nye minden betegs\u00e9gt\u00edpusn\u00e1l k\u00fcl\u00f6nb\u00f6z\u0151 id\u0151pontban \u00e1llap\u00edthat\u00f3 meg: rosszindulat\u00fa [&hellip;]<\/p>","protected":false},"author":1,"featured_media":0,"parent":0,"menu_order":4,"comment_status":"closed","ping_status":"closed","template":"template\/template-home.php","meta":{"footnotes":""},"class_list":["post-5941","page","type-page","status-publish","hentry"],"aioseo_notices":[],"_links":{"self":[{"href":"https:\/\/sugarsebeszet.hu\/en\/wp-json\/wp\/v2\/pages\/5941","targetHints":{"allow":["GET"]}}],"collection":[{"href":"https:\/\/sugarsebeszet.hu\/en\/wp-json\/wp\/v2\/pages"}],"about":[{"href":"https:\/\/sugarsebeszet.hu\/en\/wp-json\/wp\/v2\/types\/page"}],"author":[{"embeddable":true,"href":"https:\/\/sugarsebeszet.hu\/en\/wp-json\/wp\/v2\/users\/1"}],"replies":[{"embeddable":true,"href":"https:\/\/sugarsebeszet.hu\/en\/wp-json\/wp\/v2\/comments?post=5941"}],"version-history":[{"count":0,"href":"https:\/\/sugarsebeszet.hu\/en\/wp-json\/wp\/v2\/pages\/5941\/revisions"}],"wp:attachment":[{"href":"https:\/\/sugarsebeszet.hu\/en\/wp-json\/wp\/v2\/media?parent=5941"}],"curies":[{"name":"wp","href":"https:\/\/api.w.org\/{rel}","templated":true}]}}