{"id":7074,"date":"2022-06-27T06:02:46","date_gmt":"2022-06-27T06:02:46","guid":{"rendered":"https:\/\/sugarsebeszet.hu\/?page_id=7074"},"modified":"2023-09-22T12:54:41","modified_gmt":"2023-09-22T12:54:41","slug":"adatkezelesi-tajekoztato","status":"publish","type":"page","link":"https:\/\/sugarsebeszet.hu\/en\/adatkezelesi-tajekoztato\/","title":{"rendered":"Adatkezel\u00e9si t\u00e1j\u00e9koztat\u00f3"},"content":{"rendered":"<div data-elementor-type=\"wp-page\" data-elementor-id=\"7074\" class=\"elementor elementor-7074\" data-elementor-post-type=\"page\">\n\t\t\t\t\t\t\t\t\t<section class=\"elementor-section elementor-top-section elementor-element elementor-element-2d18515c elementor-section-full_width elementor-section-stretched elementor-section-height-default elementor-section-height-default\" data-id=\"2d18515c\" data-element_type=\"section\" data-settings=\"{&quot;stretch_section&quot;:&quot;section-stretched&quot;,&quot;background_background&quot;:&quot;classic&quot;}\">\n\t\t\t\t\t\t<div class=\"elementor-container elementor-column-gap-default\">\n\t\t\t\t\t<div class=\"elementor-column elementor-col-100 elementor-top-column elementor-element elementor-element-4c6bf5bc\" data-id=\"4c6bf5bc\" data-element_type=\"column\">\n\t\t\t<div class=\"elementor-widget-wrap elementor-element-populated\">\n\t\t\t\t\t\t\t\t<section class=\"elementor-section elementor-inner-section elementor-element elementor-element-7ff6d925 elementor-section-boxed elementor-section-height-default elementor-section-height-default\" data-id=\"7ff6d925\" data-element_type=\"section\">\n\t\t\t\t\t\t<div class=\"elementor-container elementor-column-gap-default\">\n\t\t\t\t\t<div class=\"elementor-column elementor-col-100 elementor-inner-column elementor-element elementor-element-4eda3248\" data-id=\"4eda3248\" data-element_type=\"column\">\n\t\t\t<div class=\"elementor-widget-wrap elementor-element-populated\">\n\t\t\t\t\t\t\t\t<div class=\"elementor-element elementor-element-393afd04 elementor-widget__width-auto elementor-widget elementor-widget-elementskit-heading\" data-id=\"393afd04\" data-element_type=\"widget\" data-widget_type=\"elementskit-heading.default\">\n\t\t\t\t<div class=\"elementor-widget-container\">\n\t\t\t<div class=\"ekit-wid-con\" ><div class=\"ekit-heading elementskit-section-title-wraper text_left   ekit_heading_tablet-   ekit_heading_mobile-\"><h1 class=\"ekit-heading--title elementskit-section-title\">Adatkezel\u00e9si t\u00e1j\u00e9koztat\u00f3<\/h1><\/div><\/div>\t\t<\/div>\n\t\t\t\t<\/div>\n\t\t\t\t\t<\/div>\n\t\t<\/div>\n\t\t\t\t\t\t\t<\/div>\n\t\t<\/section>\n\t\t\t\t\t<\/div>\n\t\t<\/div>\n\t\t\t\t\t\t\t<\/div>\n\t\t<\/section>\n\t\t\t\t<section class=\"elementor-section elementor-top-section elementor-element elementor-element-e10428a elementor-section-boxed elementor-section-height-default elementor-section-height-default\" data-id=\"e10428a\" data-element_type=\"section\">\n\t\t\t\t\t\t<div class=\"elementor-container elementor-column-gap-default\">\n\t\t\t\t\t<div class=\"elementor-column elementor-col-100 elementor-top-column elementor-element elementor-element-b76c7ff\" data-id=\"b76c7ff\" data-element_type=\"column\">\n\t\t\t<div class=\"elementor-widget-wrap elementor-element-populated\">\n\t\t\t\t\t\t\t\t<div class=\"elementor-element elementor-element-546041d elementor-widget elementor-widget-shortcode\" data-id=\"546041d\" data-element_type=\"widget\" data-widget_type=\"shortcode.default\">\n\t\t\t\t<div class=\"elementor-widget-container\">\n\t\t\t\t\t<div class=\"elementor-shortcode\"><object data=\"https:\/\/sugarsebeszet.hu\/wp-content\/uploads\/2023\/09\/BrainX-adatkezelesi_szabalyzat-_2021.07.01.pdf\" type=\"application\/pdf\" width=\"700px\" height=\"1200px\">\n<\/object><\/div>\n\t\t\t\t<\/div>\n\t\t\t\t<\/div>\n\t\t\t\t\t<\/div>\n\t\t<\/div>\n\t\t\t\t\t\t\t<\/div>\n\t\t<\/section>\n\t\t\t\t\t\t\t<\/div>","protected":false},"excerpt":{"rendered":"<p>Adatkezel\u00e9si t\u00e1j\u00e9koztat\u00f3<\/p>","protected":false},"author":1,"featured_media":0,"parent":0,"menu_order":0,"comment_status":"closed","ping_status":"closed","template":"template\/template-home.php","meta":{"footnotes":""},"class_list":["post-7074","page","type-page","status-publish","hentry"],"aioseo_notices":[],"_links":{"self":[{"href":"https:\/\/sugarsebeszet.hu\/en\/wp-json\/wp\/v2\/pages\/7074","targetHints":{"allow":["GET"]}}],"collection":[{"href":"https:\/\/sugarsebeszet.hu\/en\/wp-json\/wp\/v2\/pages"}],"about":[{"href":"https:\/\/sugarsebeszet.hu\/en\/wp-json\/wp\/v2\/types\/page"}],"author":[{"embeddable":true,"href":"https:\/\/sugarsebeszet.hu\/en\/wp-json\/wp\/v2\/users\/1"}],"replies":[{"embeddable":true,"href":"https:\/\/sugarsebeszet.hu\/en\/wp-json\/wp\/v2\/comments?post=7074"}],"version-history":[{"count":14,"href":"https:\/\/sugarsebeszet.hu\/en\/wp-json\/wp\/v2\/pages\/7074\/revisions"}],"predecessor-version":[{"id":10977,"href":"https:\/\/sugarsebeszet.hu\/en\/wp-json\/wp\/v2\/pages\/7074\/revisions\/10977"}],"wp:attachment":[{"href":"https:\/\/sugarsebeszet.hu\/en\/wp-json\/wp\/v2\/media?parent=7074"}],"curies":[{"name":"wp","href":"https:\/\/api.w.org\/{rel}","templated":true}]}}