{"id":5832,"date":"2022-05-07T12:29:54","date_gmt":"2022-05-07T12:29:54","guid":{"rendered":"http:\/\/sugarseb.local\/?page_id=5832"},"modified":"2022-08-08T16:37:54","modified_gmt":"2022-08-08T16:37:54","slug":"sugarsebeszet","status":"publish","type":"page","link":"https:\/\/sugarsebeszet.hu\/ro\/sugarsebeszet\/","title":{"rendered":"Radiochirurgie"},"content":{"rendered":"<div data-elementor-type=\"wp-page\" data-elementor-id=\"5832\" class=\"elementor elementor-5832\" data-elementor-post-type=\"page\">\n\t\t\t\t\t\t\t\t\t<section class=\"elementor-section elementor-top-section elementor-element elementor-element-ba12352 elementor-section-full_width elementor-section-stretched elementor-section-height-default elementor-section-height-default\" data-id=\"ba12352\" data-element_type=\"section\" data-settings=\"{&quot;stretch_section&quot;:&quot;section-stretched&quot;,&quot;background_background&quot;:&quot;classic&quot;}\">\n\t\t\t\t\t\t<div class=\"elementor-container elementor-column-gap-default\">\n\t\t\t\t\t<div class=\"elementor-column elementor-col-100 elementor-top-column elementor-element elementor-element-4bbc5de\" data-id=\"4bbc5de\" data-element_type=\"column\">\n\t\t\t<div class=\"elementor-widget-wrap elementor-element-populated\">\n\t\t\t\t\t\t\t\t<section class=\"elementor-section elementor-inner-section elementor-element elementor-element-337e438 elementor-section-boxed elementor-section-height-default elementor-section-height-default\" data-id=\"337e438\" data-element_type=\"section\">\n\t\t\t\t\t\t<div class=\"elementor-container elementor-column-gap-default\">\n\t\t\t\t\t<div class=\"elementor-column elementor-col-100 elementor-inner-column elementor-element elementor-element-91115ae\" data-id=\"91115ae\" data-element_type=\"column\">\n\t\t\t<div class=\"elementor-widget-wrap elementor-element-populated\">\n\t\t\t\t\t\t\t\t<div class=\"elementor-element elementor-element-db1df39 elementor-widget__width-auto elementor-widget elementor-widget-elementskit-heading\" data-id=\"db1df39\" data-element_type=\"widget\" data-widget_type=\"elementskit-heading.default\">\n\t\t\t\t<div class=\"elementor-widget-container\">\n\t\t\t<div class=\"ekit-wid-con\" ><div class=\"ekit-heading elementskit-section-title-wraper text_left   ekit_heading_tablet-   ekit_heading_mobile-\"><h1 class=\"ekit-heading--title elementskit-section-title\">Radiochirurgie<\/h1><\/div><\/div>\t\t<\/div>\n\t\t\t\t<\/div>\n\t\t\t\t\t<\/div>\n\t\t<\/div>\n\t\t\t\t\t\t\t<\/div>\n\t\t<\/section>\n\t\t\t\t\t<\/div>\n\t\t<\/div>\n\t\t\t\t\t\t\t<\/div>\n\t\t<\/section>\n\t\t\t\t<section class=\"elementor-section elementor-top-section elementor-element elementor-element-3605e2f elementor-section-boxed elementor-section-height-default elementor-section-height-default\" data-id=\"3605e2f\" data-element_type=\"section\">\n\t\t\t\t\t\t<div class=\"elementor-container elementor-column-gap-extended\">\n\t\t\t\t\t<div class=\"elementor-column elementor-col-50 elementor-top-column elementor-element elementor-element-dafc24b\" data-id=\"dafc24b\" data-element_type=\"column\">\n\t\t\t<div class=\"elementor-widget-wrap elementor-element-populated\">\n\t\t\t\t\t\t\t\t<div class=\"elementor-element elementor-element-95ff5f4 elementor-widget elementor-widget-elementskit-heading\" data-id=\"95ff5f4\" data-element_type=\"widget\" data-widget_type=\"elementskit-heading.default\">\n\t\t\t\t<div class=\"elementor-widget-container\">\n\t\t\t<div class=\"ekit-wid-con\" ><div class=\"ekit-heading elementskit-section-title-wraper text_left   ekit_heading_tablet-   ekit_heading_mobile-\"><h2 class=\"ekit-heading--title elementskit-section-title\">Interven\u021bii chirurgicale pe creier f\u0103r\u0103 incizie<\/h2>\t\t\t\t<div class='ekit-heading__description'>\n\t\t\t\t\t<p>Radiochirurgia creierului este o metod\u0103 special\u0103\nde radioterapie foarte eficient\u0103 \u00een tratarea\nanumitor leziuni ale creierului. Esen\u021ba\ntratamentului const\u0103 \u00een faptul c\u0103 o singur\u0103\nfrac\u021biune de doz\u0103 mare este direc\u021bionat\u0103 c\u0103tre\no zon\u0103 \u021bint\u0103 mic\u0103, bine definit\u0103 \u00een 3 dimensiuni.\nAceste caracteristici o diferen\u021biaz\u0103 fundamental\nde tratamentul radioterapeutic clasic, care se\naplic\u0103 pe parcursul a mai multor s\u0103pt\u0103m\u00e2ni, \u0219i\neste mai cunoscut \u00een r\u00e2ndul publicului larg.\nRadiochirurgia nu utilizeaz\u0103 diferen\u021ba de\nsensibilitate la radia\u021bii dintre celulele\ncanceroase \u0219i cele s\u0103n\u0103toase, ci mai degrab\u0103\ninduce necroza lent\u0103 a \u021besuturilor \u00een zonele\nafectate de boal\u0103 datorit\u0103 dozei mari\nadministrate deodat\u0103. \u00cen afara zonei \u021binte\nplanificate, la distan\u021b\u0103 mic\u0103, efectul radia\u021biilor\nasupra \u021besutului netumoral scade brusc \u0219i\nsemnificativ (exponen\u021bial).<\/p>\n<p>Radiochirurgia nu utilizeaz\u0103 diferen\u021ba de\nsensibilitate la radia\u021bii dintre celulele\ncanceroase \u0219i cele s\u0103n\u0103toase, ci mai degrab\u0103\ninduce necroza lent\u0103 a \u021besuturilor \u00een zonele\nafectate de boal\u0103 datorit\u0103 dozei mari\nadministrate deodat\u0103.<\/p>\n<p>Institutul nostru asigur\u0103 pacien\u021bilor interesa\u021bi o\npreconsulta\u021bie de selec\u021bie online.<\/p>\n\t\t\t\t<\/div>\n\t\t\t<\/div><\/div>\t\t<\/div>\n\t\t\t\t<\/div>\n\t\t\t\t\t<\/div>\n\t\t<\/div>\n\t\t\t\t<div class=\"elementor-column elementor-col-50 elementor-top-column elementor-element elementor-element-256188a\" data-id=\"256188a\" data-element_type=\"column\">\n\t\t\t<div class=\"elementor-widget-wrap elementor-element-populated\">\n\t\t\t\t\t\t\t\t<div class=\"elementor-element elementor-element-18f07f4 elementor-widget elementor-widget-video\" data-id=\"18f07f4\" data-element_type=\"widget\" data-settings=\"{&quot;video_type&quot;:&quot;hosted&quot;,&quot;show_image_overlay&quot;:&quot;yes&quot;,&quot;image_overlay&quot;:{&quot;url&quot;:&quot;https:\\\/\\\/sugarsebeszet.hu\\\/wp-content\\\/uploads\\\/2022\\\/06\\\/videoclip-e1656495187572.jpg&quot;,&quot;id&quot;:6774,&quot;size&quot;:&quot;&quot;,&quot;alt&quot;:&quot;&quot;,&quot;source&quot;:&quot;library&quot;},&quot;controls&quot;:&quot;yes&quot;}\" data-widget_type=\"video.default\">\n\t\t\t\t<div class=\"elementor-widget-container\">\n\t\t\t<style>\/*! elementor - v3.16.0 - 20-09-2023 *\/\n.elementor-widget-video .elementor-widget-container{overflow:hidden;transform:translateZ(0)}.elementor-widget-video .elementor-wrapper{aspect-ratio:var(--video-aspect-ratio)}.elementor-widget-video .elementor-wrapper iframe,.elementor-widget-video .elementor-wrapper video{height:100%;width:100%;display:flex;border:none;background-color:#000}@supports not (aspect-ratio:1\/1){.elementor-widget-video .elementor-wrapper{position:relative;overflow:hidden;height:0;padding-bottom:calc(100% \/ var(--video-aspect-ratio))}.elementor-widget-video .elementor-wrapper iframe,.elementor-widget-video .elementor-wrapper video{position:absolute;top:0;right:0;bottom:0;left:0}}.elementor-widget-video .elementor-open-inline .elementor-custom-embed-image-overlay{position:absolute;top:0;right:0;bottom:0;left:0;background-size:cover;background-position:50%}.elementor-widget-video .elementor-custom-embed-image-overlay{cursor:pointer;text-align:center}.elementor-widget-video .elementor-custom-embed-image-overlay:hover .elementor-custom-embed-play i{opacity:1}.elementor-widget-video .elementor-custom-embed-image-overlay img{display:block;width:100%;aspect-ratio:var(--video-aspect-ratio);-o-object-fit:cover;object-fit:cover;-o-object-position:center center;object-position:center center}@supports not (aspect-ratio:1\/1){.elementor-widget-video .elementor-custom-embed-image-overlay{position:relative;overflow:hidden;height:0;padding-bottom:calc(100% \/ var(--video-aspect-ratio))}.elementor-widget-video .elementor-custom-embed-image-overlay img{position:absolute;top:0;right:0;bottom:0;left:0}}.elementor-widget-video .e-hosted-video .elementor-video{-o-object-fit:cover;object-fit:cover}.e-con-inner>.elementor-widget-video,.e-con>.elementor-widget-video{width:var(--container-widget-width);--flex-grow:var(--container-widget-flex-grow)}<\/style>\t\t<div class=\"e-hosted-video elementor-wrapper elementor-open-inline\">\n\t\t\t\t\t<video class=\"elementor-video\" src=\"https:\/\/sugarsebeszet.hu\/wp-content\/uploads\/2022\/06\/gamma-1.mp4\" controls=\"\" preload=\"metadata\" controlslist=\"nodownload\"><\/video>\n\t\t\t\t\t\t<div class=\"elementor-custom-embed-image-overlay\" style=\"background-image: url(https:\/\/sugarsebeszet.hu\/wp-content\/uploads\/2022\/06\/videoclip-e1656495187572.jpg);\">\n\t\t\t\t\t\t\t\t\t\t\t\t\t\t\t\t<div class=\"elementor-custom-embed-play\" role=\"button\" aria-label=\"Ruleaz\u0103 videoul\" tabindex=\"0\">\n\t\t\t\t\t\t\t<i aria-hidden=\"true\" class=\"eicon-play\"><\/i>\t\t\t\t\t\t\t<span class=\"elementor-screen-only\">Ruleaz\u0103 videoul<\/span>\n\t\t\t\t\t\t<\/div>\n\t\t\t\t\t\t\t\t\t<\/div>\n\t\t\t\t\t<\/div>\n\t\t\t\t<\/div>\n\t\t\t\t<\/div>\n\t\t\t\t\t<\/div>\n\t\t<\/div>\n\t\t\t\t\t\t\t<\/div>\n\t\t<\/section>\n\t\t\t\t<section class=\"elementor-section elementor-top-section elementor-element elementor-element-4ad3b10 elementor-section-boxed elementor-section-height-default elementor-section-height-default\" data-id=\"4ad3b10\" data-element_type=\"section\">\n\t\t\t\t\t\t<div class=\"elementor-container elementor-column-gap-extended\">\n\t\t\t\t\t<div class=\"elementor-column elementor-col-100 elementor-top-column elementor-element elementor-element-1f5c8f2\" data-id=\"1f5c8f2\" data-element_type=\"column\">\n\t\t\t<div class=\"elementor-widget-wrap elementor-element-populated\">\n\t\t\t\t\t\t\t\t<div class=\"elementor-element elementor-element-5d4a97a elementor-widget elementor-widget-elementskit-heading\" data-id=\"5d4a97a\" data-element_type=\"widget\" data-widget_type=\"elementskit-heading.default\">\n\t\t\t\t<div class=\"elementor-widget-container\">\n\t\t\t<div class=\"ekit-wid-con\" ><div class=\"ekit-heading elementskit-section-title-wraper text_left   ekit_heading_tablet-   ekit_heading_mobile-\"><h2 class=\"ekit-heading--title elementskit-section-title\">Technologia gamma-knife contra acceleratorul\nliniar<\/h2>\t\t\t\t<div class='ekit-heading__description'>\n\t\t\t\t\t<p>Datorit\u0103 progresului tehnologic, \u00een radiochirurgie exist\u0103 dou\u0103 mari tipuri de\nproceduri.<\/p>\n<p>Dintre acestea, metoda precis\u0103 gamma-knife\neste de elec\u021bie pentru leziuni intracraniene\ndatorit\u0103 preciziei mecanice superioare.<\/p>\n<p>Aparatele de gamma-knife con\u021bin mai multe\nsurse fixe de cobalt de unde provin fotonii\ngamma pentru tratarea bolilor. Spre deosebire,\nacceleratorul liniar produce electroni care\ntrebuie modulate \u00een principal prin mi\u0219carea\naparatului pentru a proteja \u021besuturile\ns\u0103n\u0103toase.<\/p>\n<p>Specialitatea aparatului gamma-knife din\nDebrecen const\u0103 \u00een cupola \u201erotativ\u0103\u201d, care\nasigur\u0103 o precizie \u0219i mai mare fa\u021b\u0103 de aparatele\ngamma-knife clasice.<\/p>\n<p>Aceasta este tehnologia folosit\u0103 \u00een principal\npentru neurochirurgie. \u00cen Ungaria doar centrul\ndin Debrecen este dotat cu un dispozitiv cu\nsistem rotativ, stereotaxic de iradiere gamma.<\/p>\n<p>Acceleratorul liniar, ca modalitate alternativ\u0103\nde radiochirurgie, func\u021bioneaz\u0103 acceler\u00e2nd\nelectroni prin puterea curentului electric.\nTratamentul se petrece cu ajutorul electronilor\naccelerate, iar cu energia de fr\u00e2nare a acestora.\nAceast\u0103 procedur\u0103 este mai potrivit\u0103 pentru\ntumorile care necesit\u0103 o doz\u0103 mai mic\u0103 \u0219i\niradiere administrat\u0103 sub forma unor serii, care\nnu necesit\u0103 precizie \u00eenalt\u0103. Este utilizat \u00een\nprincipal \u00een radioterapia oncologic\u0103 general\u0103.<\/p>\n\t\t\t\t<\/div>\n\t\t\t<\/div><\/div>\t\t<\/div>\n\t\t\t\t<\/div>\n\t\t\t\t\t<\/div>\n\t\t<\/div>\n\t\t\t\t\t\t\t<\/div>\n\t\t<\/section>\n\t\t\t\t<section class=\"elementor-section elementor-top-section elementor-element elementor-element-9dd0bd8 elementor-section-boxed elementor-section-height-default elementor-section-height-default\" data-id=\"9dd0bd8\" data-element_type=\"section\">\n\t\t\t\t\t\t<div class=\"elementor-container elementor-column-gap-extended\">\n\t\t\t\t\t<div class=\"elementor-column elementor-col-100 elementor-top-column elementor-element elementor-element-3ecf343\" data-id=\"3ecf343\" data-element_type=\"column\">\n\t\t\t<div class=\"elementor-widget-wrap elementor-element-populated\">\n\t\t\t\t\t\t\t\t<div class=\"elementor-element elementor-element-c83b62f elementor-widget elementor-widget-elementskit-heading\" data-id=\"c83b62f\" data-element_type=\"widget\" data-widget_type=\"elementskit-heading.default\">\n\t\t\t\t<div class=\"elementor-widget-container\">\n\t\t\t<div class=\"ekit-wid-con\" ><div class=\"ekit-heading elementskit-section-title-wraper text_left   ekit_heading_tablet-   ekit_heading_mobile-\"><h2 class=\"ekit-heading--title elementskit-section-title\">Necroz\u0103 tumoral\u0103 f\u0103r\u0103 durere \u0219i efecte adverse<\/h2>\t\t\t\t<div class='ekit-heading__description'>\n\t\t\t\t\t<p>Caracteristica principal\u0103 a tehnicii gamma-knife\neste precizia superioar\u0103. Zona iradiat\u0103 trebuie\ntratat\u0103 cu o doz\u0103 foarte mare pentru a ob\u021bine o\nnecroz\u0103 tumoral\u0103 cu condi\u021bia protej\u0103rii\n\u021besutului normal. Datorit\u0103 dozei mari de\niradiere, \u00eencepe necroza celular\u0103 iar \u021besutul\nnecrotic depinz\u00e2nd de subtipul tumoral se va absorbi \u00een timp variabil ori se trasform\u0103 \u00een \u021besut\nfibrotic f\u0103r\u0103 vreo influen\u021b\u0103 asupra s\u0103n\u0103t\u0103\u021bii\npacientului.<\/p>\n\t\t\t\t<\/div>\n\t\t\t<\/div><\/div>\t\t<\/div>\n\t\t\t\t<\/div>\n\t\t\t\t\t<\/div>\n\t\t<\/div>\n\t\t\t\t\t\t\t<\/div>\n\t\t<\/section>\n\t\t\t\t<section class=\"elementor-section elementor-top-section elementor-element elementor-element-14cd33b elementor-section-boxed elementor-section-height-default elementor-section-height-default\" data-id=\"14cd33b\" data-element_type=\"section\">\n\t\t\t\t\t\t<div class=\"elementor-container elementor-column-gap-extended\">\n\t\t\t\t\t<div class=\"elementor-column elementor-col-100 elementor-top-column elementor-element elementor-element-59c6b08\" data-id=\"59c6b08\" data-element_type=\"column\">\n\t\t\t<div class=\"elementor-widget-wrap elementor-element-populated\">\n\t\t\t\t\t\t\t\t<div class=\"elementor-element elementor-element-f17f96a elementor-widget elementor-widget-elementskit-heading\" data-id=\"f17f96a\" data-element_type=\"widget\" data-widget_type=\"elementskit-heading.default\">\n\t\t\t\t<div class=\"elementor-widget-container\">\n\t\t\t<div class=\"ekit-wid-con\" ><div class=\"ekit-heading elementskit-section-title-wraper text_left   ekit_heading_tablet-   ekit_heading_mobile-\"><h2 class=\"ekit-heading--title elementskit-section-title\">Precizie milimetric\u0103 la tumori mai mici de 3 cm<\/h2>\t\t\t\t<div class='ekit-heading__description'>\n\t\t\t\t\t<p>Aparatul gamma-knife rotativ poate fi folosit \u00een\ncazul oric\u0103rei leziuni: cu acesta pot fi tratate\nat\u00e2t tumorile regulate c\u00e2t \u0219i cei neregulate, care\nsunt mai mici de 3 cm. Aceast\u0103 precizie este\nasigurat\u0103 cu un cadru fix, care se ata\u0219eaz\u0103\ncraniului \u00eenainte de a \u00eencepe procedura \u0219i care\neste definit cu un sistem de coordinate \u00een\nspa\u021biu.\u00a0<a href=\"https:\/\/sugarsebeszet.hu\/ro\/kezeles-menete\/\">Informa\u021bii suplimentare asupra pa\u0219ii\ntratamentului.<\/a><\/p>\n<p>Cu ajutorul cadrului stereotaxic este posibil\u0103\nlocalizarea cu coordinate tridimensionale\npentru administrarea unei doze mari de iradiere\n\u00eentr-o singur\u0103 \u0219edin\u021b\u0103 cu o precizie crescut\u0103.<\/p>\n<p>Precizia mecanic\u0103 a aparatului este mai mare\nde 0,5 mm, fiind cea mai precis\u0103 metod\u0103\nradiochirurgic\u0103.<\/p>\n\t\t\t\t<\/div>\n\t\t\t<\/div><\/div>\t\t<\/div>\n\t\t\t\t<\/div>\n\t\t\t\t\t<\/div>\n\t\t<\/div>\n\t\t\t\t\t\t\t<\/div>\n\t\t<\/section>\n\t\t\t\t<section class=\"elementor-section elementor-top-section elementor-element elementor-element-8895408 elementor-section-boxed elementor-section-height-default elementor-section-height-default\" data-id=\"8895408\" data-element_type=\"section\">\n\t\t\t\t\t\t<div class=\"elementor-container elementor-column-gap-extended\">\n\t\t\t\t\t<div class=\"elementor-column elementor-col-100 elementor-top-column elementor-element elementor-element-4715870\" data-id=\"4715870\" data-element_type=\"column\">\n\t\t\t<div class=\"elementor-widget-wrap elementor-element-populated\">\n\t\t\t\t\t\t\t\t<div class=\"elementor-element elementor-element-21cbddb elementor-widget elementor-widget-elementskit-heading\" data-id=\"21cbddb\" data-element_type=\"widget\" data-widget_type=\"elementskit-heading.default\">\n\t\t\t\t<div class=\"elementor-widget-container\">\n\t\t\t<div class=\"ekit-wid-con\" ><div class=\"ekit-heading elementskit-section-title-wraper text_left   ekit_heading_tablet-   ekit_heading_mobile-\"><h2 class=\"ekit-heading--title elementskit-section-title\">\u00cen ambulator, f\u0103r\u0103 anestezie general\u0103<\/h2>\t\t\t\t<div class='ekit-heading__description'>\n\t\t\t\t\t<p>Eficien\u021ba tratamentului poate fi identic\u0103 cu\ncelelalte metode neurochirurgicale, \u00eens\u0103 implic\u0103\ncondi\u021bii mult mai favorabile pentru pacien\u021bi:\ndurata tratamentului este de 1-2 ore care este\nurmat de o supraveghere de c\u00e2teva ore \u0219i \u00een\nmajoritatea cazurilor pacientul poate p\u0103r\u0103si\nspitatul \u00een aceea\u0219i zi.<\/p>\n<p>Interven\u0163ia radiochirurgical\u0103 se efectueaz\u0103 \u00een\nstare de veghe: datorit\u0103 tehnologiei de radia\u0163ie\nbl\u00e2nd\u0103 nu este necesar\u0103 deschiderea craniului,\nastfel se elimin\u0103 \u0219i perioada vindec\u0103rii inciziei \u0219i\nreabilitarea. Organismul sufer\u0103 mai pu\u021bin stres,\npacientul nu simte durere \u0219i nu este necesar\nefectuarea anesteziei generale \u00een nicio etap\u0103 al\ntratamentului.<\/p>\n<p>Aceast\u0103 tehnologie a fost elaborat\u0103 acum 40 de ani \u0219i testat\u0103 \u00een sute de centre la nivel global cu\nscopul de a cru\u021ba pacien\u021bii de o convalescen\u021b\u0103\n\u00eendelungat\u0103 de c\u00e2teva s\u0103p\u0103t\u0103m\u00e2ni ce survine \u00een\nurma interven\u021biei chirurgicale clasice.<\/p>\n<p>Procedura radiochirurgical\u0103 cu gamma-knife\nimplic\u0103 mai multe domenii ale \u0219tiin\u021bei, necesit\u0103\ncuno\u0219tin\u021be multidisciplinare legate de\nneurochirurgie, radilologie \u0219i oncologie. Pe\nl\u00e2ng\u0103 asta, planificarea iradierii necesit\u0103\nprezen\u021ba continue a unui fizician medical.<\/p>\n<p>Un alt avantaj al radiochirurgiei este\nposibilitatea de a se combina cu alte modalit\u0103\u021bi\nterapeutice oncologice. Frecvent, starea\ndegradat\u0103 a pacien\u021bilor nu este o piedic\u0103 \u00een\nadministrarea tratamentului spre deosebire de\ncondi\u021biile care trebuie \u00eendeplinite \u00een cazul unei\ninterven\u021bii deschise (de ex.: hemoleucogram\u0103 \u00een\nparametri acceptabili, bolile \u00eenso\u021bitoare de\nmedicin\u0103 intern\u0103, \u0219i tratamente\nmedicamentoase).<\/p>\n<p>\u00cen Centrul de Gamma-knife din Debrecen\ntratamentul pacien\u021bilor este efectuat \u00een\nambulator \u00een cursul unei zile \u00een urma unei timp\nde a\u0219tept\u0103ri scurte. Pentru pacien\u021bii cu\nasigurare medical\u0103 valabil\u0103 din Ungaria\ntratamentul este finan\u021bat de sistemul de\nasigur\u0103ri na\u021bionale, \u00eens\u0103 \u0219i pacien\u021bilor\nneasigura\u021bi din str\u0103in\u0103tate se poate efectua\nacest tratament \u00een regim de plat\u0103.<\/p>\n\t\t\t\t<\/div>\n\t\t\t<\/div><\/div>\t\t<\/div>\n\t\t\t\t<\/div>\n\t\t\t\t\t<\/div>\n\t\t<\/div>\n\t\t\t\t\t\t\t<\/div>\n\t\t<\/section>\n\t\t\t\t<section class=\"elementor-section elementor-top-section elementor-element elementor-element-d1f539c elementor-section-boxed elementor-section-height-default elementor-section-height-default\" data-id=\"d1f539c\" data-element_type=\"section\">\n\t\t\t\t\t\t<div class=\"elementor-container elementor-column-gap-extended\">\n\t\t\t\t\t<div class=\"elementor-column elementor-col-100 elementor-top-column elementor-element elementor-element-c929de7\" data-id=\"c929de7\" data-element_type=\"column\">\n\t\t\t<div class=\"elementor-widget-wrap elementor-element-populated\">\n\t\t\t\t\t\t\t\t<div class=\"elementor-element elementor-element-f2ff867 elementor-widget elementor-widget-elementskit-heading\" data-id=\"f2ff867\" data-element_type=\"widget\" data-widget_type=\"elementskit-heading.default\">\n\t\t\t\t<div class=\"elementor-widget-container\">\n\t\t\t<div class=\"ekit-wid-con\" ><div class=\"ekit-heading elementskit-section-title-wraper text_left   ekit_heading_tablet-   ekit_heading_mobile-\"><h2 class=\"ekit-heading--title elementskit-section-title\">Centru dedicat pentru tratarea leziunilor\nintracranieine<\/h2>\t\t\t\t<div class='ekit-heading__description'>\n\t\t\t\t\t<p>Centrul de Radiochirurgie Gamma din Debrecen\ns-a \u00eenfiin\u021bat ca primul \u00een domeniu din Ungaria \u0219i\n\u00een cei 15 ani de atunci este singura institu\u021bie\ndedicat\u0103 tratamentului afec\u021biunilor neurologice\nintracraniene.<\/p>\n<p>Anual, aproximativ 500 de pacien\u021bi sunt trata\u021bi\nradiochirurgical \u00een Debrecen, profesional recunoscut la nivel interna\u021bional.<\/p>\n<p>Serviciile medicale sunt oferite \u00een permanen\u021b\u0103,\nele fiind asigurate de c\u0103tre o echip\u0103 medical\u0103\nexpert\u0103, specializat\u0103 \u00een aceast\u0103 tehnic\u0103,\nconform celor mai \u00eenalte standarde. Cu o\nexperien\u021b\u0103 de 5.000 de interven\u021bii reu\u0219ite, se\npoate afirma - datorit\u0103 num\u0103rului mari de\ncazuri - c\u0103 centrul acesta are cea mai mare\nexpertiz\u0103 \u00een radiochirurgia leziunilor\nintracraniene din \u021bar\u0103.\nDup\u0103 \u00eencheierea tratamentului, protocolul de\nurm\u0103rire necesit\u0103 examin\u0103ri regulate de\ncontrol. \u00cen acest sens putem oferi consulta\u021bii\npentru pacien\u021bii no\u0219tri at\u00e2t \u00een Debrecen, c\u00e2t \u0219i\n\u00een Budapesta.\u00a0<\/p>\n\t\t\t\t<\/div>\n\t\t\t<\/div><\/div>\t\t<\/div>\n\t\t\t\t<\/div>\n\t\t\t\t\t<\/div>\n\t\t<\/div>\n\t\t\t\t\t\t\t<\/div>\n\t\t<\/section>\n\t\t\t\t<section class=\"elementor-section elementor-top-section elementor-element elementor-element-7644f2cf elementor-section-boxed elementor-section-height-default elementor-section-height-default\" data-id=\"7644f2cf\" data-element_type=\"section\">\n\t\t\t\t\t\t<div class=\"elementor-container elementor-column-gap-default\">\n\t\t\t\t\t<div class=\"elementor-column elementor-col-100 elementor-top-column elementor-element elementor-element-3d726dfd\" data-id=\"3d726dfd\" data-element_type=\"column\">\n\t\t\t<div class=\"elementor-widget-wrap elementor-element-populated\">\n\t\t\t\t\t\t\t\t<div class=\"elementor-element elementor-element-70515a0d elementor-fixed elementor-widget__width-auto elementor-widget elementor-widget-global elementor-global-6174 elementor-widget-elementskit-button\" data-id=\"70515a0d\" data-element_type=\"widget\" data-settings=\"{&quot;_position&quot;:&quot;fixed&quot;}\" data-widget_type=\"elementskit-button.default\">\n\t\t\t\t<div class=\"elementor-widget-container\">\n\t\t\t<div class=\"ekit-wid-con\" >\t\t<div class=\"ekit-btn-wraper\">\n\t\t\t\t\t\t\t<a href=\"#elementor-action:action=popup:open&settings=eyJpZCI6IjYwMzgiLCJ0b2dnbGUiOmZhbHNlfQ==\" class=\"elementskit-btn  whitespace--normal\" >\n\t\t\t\t\t\n\t\t\t\t\t<i aria-hidden=\"true\" class=\"icon icon-chat\"><\/i>\n\t\t\t\t\tConsulta\u021bie\t\t\t\t<\/a>\n\t\t\t\t\t\t<\/div>\n        <\/div>\t\t<\/div>\n\t\t\t\t<\/div>\n\t\t\t\t\t<\/div>\n\t\t<\/div>\n\t\t\t\t\t\t\t<\/div>\n\t\t<\/section>\n\t\t\t\t<section class=\"elementor-section elementor-top-section elementor-element elementor-element-9201a27 elementor-section-boxed elementor-section-height-default elementor-section-height-default\" data-id=\"9201a27\" data-element_type=\"section\">\n\t\t\t\t\t\t<div class=\"elementor-container elementor-column-gap-default\">\n\t\t\t\t\t<div class=\"elementor-column elementor-col-100 elementor-top-column elementor-element elementor-element-f2244a4\" data-id=\"f2244a4\" data-element_type=\"column\">\n\t\t\t<div class=\"elementor-widget-wrap\">\n\t\t\t\t\t\t\t\t\t<\/div>\n\t\t<\/div>\n\t\t\t\t\t\t\t<\/div>\n\t\t<\/section>\n\t\t\t\t\t\t\t<\/div>","protected":false},"excerpt":{"rendered":"<p>Sug\u00e1rseb\u00e9szet Agym\u0171t\u00e9tek a koponya megnyit\u00e1sa n\u00e9lk\u00fcl Az agyi sug\u00e1rseb\u00e9szet egy speci\u00e1lis, besug\u00e1rz\u00e1st haszn\u00e1l\u00f3 m\u00f3dszer, mellyel kopony\u00e1n bel\u00fcli betegs\u00e9geket lehet nagy hat\u00e9konys\u00e1ggal kezelni. A kezel\u00e9s l\u00e9nyege, hogy j\u00f3l behat\u00e1rolt, kis c\u00e9lter\u00fcletre 3 dimenzi\u00f3ban egyszeri, nagy d\u00f3zis\u00fa besug\u00e1rz\u00e1st ir\u00e1ny\u00edtanak. Ez alapvet\u0151en megk\u00fcl\u00f6nb\u00f6zteti a t\u00f6bbsz\u00f6r, heteken \u00e1t alkalmazott \u2013 a lakoss\u00e1g k\u00f6r\u00e9ben jobban is ismert \u2013 sug\u00e1rkezel\u00e9sekt\u0151l: a [&hellip;]<\/p>","protected":false},"author":1,"featured_media":0,"parent":0,"menu_order":3,"comment_status":"closed","ping_status":"closed","template":"template\/template-home.php","meta":{"footnotes":""},"class_list":["post-5832","page","type-page","status-publish","hentry"],"aioseo_notices":[],"_links":{"self":[{"href":"https:\/\/sugarsebeszet.hu\/ro\/wp-json\/wp\/v2\/pages\/5832","targetHints":{"allow":["GET"]}}],"collection":[{"href":"https:\/\/sugarsebeszet.hu\/ro\/wp-json\/wp\/v2\/pages"}],"about":[{"href":"https:\/\/sugarsebeszet.hu\/ro\/wp-json\/wp\/v2\/types\/page"}],"author":[{"embeddable":true,"href":"https:\/\/sugarsebeszet.hu\/ro\/wp-json\/wp\/v2\/users\/1"}],"replies":[{"embeddable":true,"href":"https:\/\/sugarsebeszet.hu\/ro\/wp-json\/wp\/v2\/comments?post=5832"}],"version-history":[{"count":3,"href":"https:\/\/sugarsebeszet.hu\/ro\/wp-json\/wp\/v2\/pages\/5832\/revisions"}],"predecessor-version":[{"id":9684,"href":"https:\/\/sugarsebeszet.hu\/ro\/wp-json\/wp\/v2\/pages\/5832\/revisions\/9684"}],"wp:attachment":[{"href":"https:\/\/sugarsebeszet.hu\/ro\/wp-json\/wp\/v2\/media?parent=5832"}],"curies":[{"name":"wp","href":"https:\/\/api.w.org\/{rel}","templated":true}]}}