{"id":5941,"date":"2022-05-08T08:17:12","date_gmt":"2022-05-08T08:17:12","guid":{"rendered":"http:\/\/sugarseb.local\/?page_id=5941"},"modified":"2022-06-30T08:17:10","modified_gmt":"2022-06-30T08:17:10","slug":"kezelheto-betegsegek","status":"publish","type":"page","link":"https:\/\/sugarsebeszet.hu\/ro\/kezelheto-betegsegek\/","title":{"rendered":"Boli tratabile"},"content":{"rendered":"<div data-elementor-type=\"wp-page\" data-elementor-id=\"5941\" class=\"elementor elementor-5941\" data-elementor-post-type=\"page\">\n\t\t\t\t\t\t\t\t\t<section class=\"elementor-section elementor-top-section elementor-element elementor-element-3a888869 elementor-section-full_width elementor-section-stretched elementor-section-height-default elementor-section-height-default\" data-id=\"3a888869\" data-element_type=\"section\" data-settings=\"{&quot;stretch_section&quot;:&quot;section-stretched&quot;,&quot;background_background&quot;:&quot;classic&quot;}\">\n\t\t\t\t\t\t<div class=\"elementor-container elementor-column-gap-default\">\n\t\t\t\t\t<div class=\"elementor-column elementor-col-100 elementor-top-column elementor-element elementor-element-166e5549\" data-id=\"166e5549\" data-element_type=\"column\">\n\t\t\t<div class=\"elementor-widget-wrap elementor-element-populated\">\n\t\t\t\t\t\t\t\t<section class=\"elementor-section elementor-inner-section elementor-element elementor-element-328bb4 elementor-section-boxed elementor-section-height-default elementor-section-height-default\" data-id=\"328bb4\" data-element_type=\"section\">\n\t\t\t\t\t\t<div class=\"elementor-container elementor-column-gap-default\">\n\t\t\t\t\t<div class=\"elementor-column elementor-col-100 elementor-inner-column elementor-element elementor-element-26adec49\" data-id=\"26adec49\" data-element_type=\"column\">\n\t\t\t<div class=\"elementor-widget-wrap elementor-element-populated\">\n\t\t\t\t\t\t\t\t<div class=\"elementor-element elementor-element-52d5ef02 elementor-widget__width-auto elementor-widget elementor-widget-elementskit-heading\" data-id=\"52d5ef02\" data-element_type=\"widget\" data-widget_type=\"elementskit-heading.default\">\n\t\t\t\t<div class=\"elementor-widget-container\">\n\t\t\t<div class=\"ekit-wid-con\" ><div class=\"ekit-heading elementskit-section-title-wraper text_left   ekit_heading_tablet-   ekit_heading_mobile-\"><h1 class=\"ekit-heading--title elementskit-section-title\">Boli tratabile<\/h1><\/div><\/div>\t\t<\/div>\n\t\t\t\t<\/div>\n\t\t\t\t\t<\/div>\n\t\t<\/div>\n\t\t\t\t\t\t\t<\/div>\n\t\t<\/section>\n\t\t\t\t\t<\/div>\n\t\t<\/div>\n\t\t\t\t\t\t\t<\/div>\n\t\t<\/section>\n\t\t\t\t<section class=\"elementor-section elementor-top-section elementor-element elementor-element-f977ca0 elementor-section-boxed elementor-section-height-default elementor-section-height-default\" data-id=\"f977ca0\" data-element_type=\"section\">\n\t\t\t\t\t\t<div class=\"elementor-container elementor-column-gap-extended\">\n\t\t\t\t\t<div class=\"elementor-column elementor-col-100 elementor-top-column elementor-element elementor-element-4480393f\" data-id=\"4480393f\" data-element_type=\"column\">\n\t\t\t<div class=\"elementor-widget-wrap elementor-element-populated\">\n\t\t\t\t\t\t\t\t<div class=\"elementor-element elementor-element-541845b elementor-widget elementor-widget-elementskit-heading\" data-id=\"541845b\" data-element_type=\"widget\" data-widget_type=\"elementskit-heading.default\">\n\t\t\t\t<div class=\"elementor-widget-container\">\n\t\t\t<div class=\"ekit-wid-con\" ><div class=\"ekit-heading elementskit-section-title-wraper text_left   ekit_heading_tablet-   ekit_heading_mobile-\"><h2 class=\"ekit-heading--title elementskit-section-title\">Rezultatele tratamentelor de\nradiochirurgie sunt diferite de la caz la\n\ncaz<\/h2>\t\t\t\t<div class='ekit-heading__description'>\n\t\t\t\t\t<p>Efectul tratamentului radiochirurgical\npoate fi diferit \u00een func\u021bie de efectul\nasupra \u021besuturilor al razelor gamma\nionizante direc\u021bionate c\u0103tre punctul\n\u021bint\u0103. Efectul de obicei nu apare\nimediat. Razele care p\u0103trund \u021besuturile\npot crea modific\u0103ri ale func\u021biei celulare,\nceea ce poate duce la distrugerea\ncelulelor sau, dimpotriv\u0103, la diviziunea\ncelulelor. De regul\u0103, aceste procese nu\ndetermin\u0103 o modificare imediat\u0103, dar \u00een\nfunc\u021bie de doza de iradiere, poate dura\ns\u0103pt\u0103m\u00e2ni, luni sau chiar ani p\u0103n\u0103 se\nob\u021bine efectul dorit. Aceste efecte dorite\npot fi urm\u0103toarele: stoparea cre\u0219terii\ntumorii, reducerea m\u0103rimii tumorale\nsau dispari\u021bia ei, iar \u00een unele cazuri\n\u00eengro\u0219area pere\u021bilor vasculari cu ocluzie\nulterioar\u0103. Verificarea efectului dorit se\npoate urm\u0103ri prin metode imagistice\navansate, consulturi clinice.<\/p>\n<p>\u00cen cazul \u00een\ncare nu se poate ob\u021bine efectul dorit\ndup\u0103 prima interven\u021bie se poate repeta\nsau complementa tratamentul.<\/p>\n\t\t\t\t<\/div>\n\t\t\t<\/div><\/div>\t\t<\/div>\n\t\t\t\t<\/div>\n\t\t\t\t\t<\/div>\n\t\t<\/div>\n\t\t\t\t\t\t\t<\/div>\n\t\t<\/section>\n\t\t\t\t<section class=\"elementor-section elementor-top-section elementor-element elementor-element-fca09e1 elementor-section-boxed elementor-section-height-default elementor-section-height-default\" data-id=\"fca09e1\" data-element_type=\"section\">\n\t\t\t\t\t\t<div class=\"elementor-container elementor-column-gap-extended\">\n\t\t\t\t\t<div class=\"elementor-column elementor-col-100 elementor-top-column elementor-element elementor-element-bb557ef\" data-id=\"bb557ef\" data-element_type=\"column\">\n\t\t\t<div class=\"elementor-widget-wrap elementor-element-populated\">\n\t\t\t\t\t\t\t\t<div class=\"elementor-element elementor-element-9372c5a elementor-widget elementor-widget-elementskit-heading\" data-id=\"9372c5a\" data-element_type=\"widget\" data-widget_type=\"elementskit-heading.default\">\n\t\t\t\t<div class=\"elementor-widget-container\">\n\t\t\t<div class=\"ekit-wid-con\" ><div class=\"ekit-heading elementskit-section-title-wraper text_left   ekit_heading_tablet-   ekit_heading_mobile-\"><h2 class=\"ekit-heading--title elementskit-section-title\">Afec\u021biuni curabile cu radiochirurgie\n\ngamma<\/h2>\t\t\t\t<div class='ekit-heading__description'>\n\t\t\t\t\t<p>Pe baza experien\u021bei proprii \u0219i\ninterna\u021bionale din ultimele decenii, urm\u0103toarele boli pot fi tratate cel mai\neficient prin interven\u021bii de\nradiochirurgie:<\/p>\n<p>Metastazele cerebrale ale tumorelor\nmaligne (cunoscute sub numele de boli\ncanceroase)<\/p>\n<p>Tumorile benigne ale nervului auditiv<\/p>\n<p>Tumori benigne a cortexului cerebral,\nmeningioame<\/p>\n<p>Tumori rare (ca \u0219i tumora de glomus,\ntumori rare are nervilor cranieni etc.)<\/p>\n<p>Malforma\u021bii vasculare cerebrale\n(angiom, cavernom)<\/p>\n<p>Neuralgie trigeminal\u0103<\/p>\n<p>Tumorile hipofizare<\/p>\n<p>Tumori primare cerebrale<\/p>\n<p>De asemenea trebuie \u00eendeplinite \u0219i alte\ncriterii pentru ca o anumit\u0103 afec\u021biune s\u0103\nfie abordabil\u0103 prin radiochirurgie.\nTratamentul este influen\u021bat \u00een mare\nm\u0103sur\u0103 de m\u0103rimea leziunii, \u00een cazul\nmai multor leziuni, volumul tumoral\ntotal, localizarea, afectarea organelor\nvitale (de ex. nervul optic), \u0219i eventual\nrezultatul histopatologic deja existent.\nPrin urmare, pentru fiecare pacient este\nnevoie de o evaluare individualizat\u0103.\nDup\u0103 examinarea pacientului \u0219i a\ndocumenturilor acestuia, un specialist\n\u00een radiochirurgie (neurochirurg,\nradioterapeut, medic oncolog) va lua \u00een\nconsiderare dac\u0103 tratamentul poate fi\noferit pacientului \u00een cazul dat. Acest\nmedic poate l\u0103muri informa\u021bii\nreferitoare la rezultatele ulterioare ale\ntratamentului, ce riscuri \u0219i posibile\ncomplica\u021bii poate avea interven\u021bia \u0219i ce\nalte proceduri pot fi considerate \u00een\ncazul dat.<\/p>\n\t\t\t\t<\/div>\n\t\t\t<\/div><\/div>\t\t<\/div>\n\t\t\t\t<\/div>\n\t\t\t\t<div class=\"elementor-element elementor-element-ec004b4 elementor-widget elementor-widget-menu-anchor\" data-id=\"ec004b4\" data-element_type=\"widget\" data-widget_type=\"menu-anchor.default\">\n\t\t\t\t<div class=\"elementor-widget-container\">\n\t\t\t<style>\/*! elementor - v3.16.0 - 20-09-2023 *\/\nbody.elementor-page .elementor-widget-menu-anchor{margin-bottom:0}<\/style>\t\t<div id=\"halloideg\" class=\"elementor-menu-anchor\"><\/div>\n\t\t\t\t<\/div>\n\t\t\t\t<\/div>\n\t\t\t\t\t<\/div>\n\t\t<\/div>\n\t\t\t\t\t\t\t<\/div>\n\t\t<\/section>\n\t\t\t\t<section class=\"elementor-section elementor-top-section elementor-element elementor-element-e9604b3 elementor-section-boxed elementor-section-height-default elementor-section-height-default\" data-id=\"e9604b3\" data-element_type=\"section\">\n\t\t\t\t\t\t<div class=\"elementor-container elementor-column-gap-extended\">\n\t\t\t\t\t<div class=\"elementor-column elementor-col-100 elementor-top-column elementor-element elementor-element-e538bdf\" data-id=\"e538bdf\" data-element_type=\"column\">\n\t\t\t<div class=\"elementor-widget-wrap elementor-element-populated\">\n\t\t\t\t\t\t\t\t<div class=\"elementor-element elementor-element-20ebd81 elementor-widget elementor-widget-elementskit-heading\" data-id=\"20ebd81\" data-element_type=\"widget\" data-widget_type=\"elementskit-heading.default\">\n\t\t\t\t<div class=\"elementor-widget-container\">\n\t\t\t<div class=\"ekit-wid-con\" ><div class=\"ekit-heading elementskit-section-title-wraper text_left   ekit_heading_tablet-   ekit_heading_mobile-\"><h2 class=\"ekit-heading--title elementskit-section-title\">Tumor\u0103 benign\u0103 de nerv acustic\n(neurinom acustic sau schwannom\n\nvestibular)<\/h2>\t\t\t\t<div class='ekit-heading__description'>\n\t\t\t\t\t<p>Neuromul acustic este o tumor\u0103 care se\ndezvolt\u0103 de-a lungul traiectului nervului\ncranian VIII (nervul vestibular). Se\ndezvolt\u0103 prin \u00eenmul\u021birea patologic\u0103 a\ncelulelor Schwann, care sunt\nresponsabile de formarea tecii de\nmielin\u0103 care \u00eenconjoar\u0103 nervul\nvestibular. Cu unele excep\u021bii este o\ntumor\u0103 benign\u0103, cu cre\u0219tere lent\u0103.\nTumora \u00eencepe de obicei s\u0103 se dezvolte\n\u00een urechea intern\u0103, apoi se p\u0103trunde \u00een\ncol\u021bul pontocerebellar.<\/p>\n<p>Este vorba despre o tumor\u0103 rar\u0103.\nConform datelor din literatur\u0103, \u00een\nUngaria sunt diagnostica\u021bi anual \u00eentre\n100-200 de cazuri noi de neurinom\nacustic, iar num\u0103rul lor cre\u0219te anual.<\/p>\n<p>Cu\ntoate acestea num\u0103rul pacien\u021bilor cu\ntumor\u0103 de nerv vestibular poate fi mai\nmare, ei fiind asimptomatici \u0219i nu sunt\ndiagnostica\u021bi.<\/p>\n<p>Majoritatea cazurilor sunt\ndepistate la v\u00e2rsta de 40-60 ani, dar\npoate debuta la orice v\u00e2rst\u0103 \u0219i este u\u0219or\nmai frecvent la femei.<\/p>\n<p>Se pot dezvolta \u0219i\n\u00een cadrul unei boli genetice, de ex.\nneurofibromatoz\u0103, \u00een asocia\u021bie cu alte\nboli tumorale.<\/p>\n<p>Cele mai frecvente\nsimptome ale tumorilor nervului auditiv\nse dezvolt\u0103 ca urmare a presiunii pe\nnervii cranieni VIII, VII \u0219i V.<\/p>\n<p>Aceste\nsimptome pot include: pierderea lent\u0103\nsau brusc\u0103 a auzului, tinitus, tulburare\nde echilibru, paralizie facial\u0103, secre\u021bie\nlacrimal\u0103 (ochi usca\u021bi) \u0219i tulbur\u0103ri de\nsecre\u021bie de saliv\u0103 (gur\u0103 uscat\u0103),\ntulbur\u0103ri ale gustului, amor\u021beal\u0103 facial\u0103,\netc.<\/p>\n<p>\u00cen cazurile severe, la tumorile de\ndimensiuni mari, ace\u0219tia pot afecta \u0219i\nal\u021bi nervi cranieni \u0219i trunchiul cerebral, \u0219i chiar pot produce un obstacol \u00een\ncalea dren\u0103rii lichidului cefalo-rahidian,\nadic\u0103 hidrocefalie; \u00een cel mai r\u0103u caz, se\npoate produce deces.<\/p>\n<p>La tumori de dimensiuni milimetrice\neste suficient\u0103 urm\u0103rirea periodic\u0103 a\npacientului.<\/p>\n<p>Tratarea tumorii se poate\nindica \u00een urm\u0103toarele cazuri: dac\u0103 se\nobserv\u0103 o cre\u0219tere \u00een dimensiune a\ntumorii sau dac\u0103 tumora este de\ndimensiune mare la momentul stabilirii\ndiagnosticului.<\/p>\n<p>Tratamentul acestor\ntumori este posibil prin urm\u0103toarele\nmetode: interven\u021bie chirurgical\u0103 clasic\u0103\ncu deschiderea craniului, tratament\nradiochirurgical, sau prin combina\u021bia a\ncelor dou\u0103 tipuri de interven\u021bii.<\/p>\n<p>\u00cen ciuda faptului c\u0103 \u00eendep\u0103rtarea\nchirurgical\u0103 a tumorii nervului auditiv se\nnum\u0103r\u0103 printre interven\u021biile\nneurochirurgicale cu risc crescut, aceste\nopera\u021bii sunt efectuate la mul\u021bi pacien\u021bi\ndin \u00eentreaga lume. Datorit\u0103 localiz\u0103rii\ntumorii \u0219i adesea a dimensiunii sale,\napari\u021bia complica\u021biilor sunt posibile, iar\nunele dintre ele pot provoca o\ndeteriorare semnificativ\u0103 a calit\u0103\u021bii\nvie\u021bii. Exist\u0103 un risc crescut de a\ndezvolta paralizie temporar\u0103 sau\npermanent\u0103 a nervului facial (poate fi\nde p\u00e2n\u0103 la 30-40%). Utiliz\u00e2nd\ntratamentul radiochirurgcal, poate fi\nredus semnificativ riscul complica\u021biilor,\np\u00e2n\u0103 la sub 5% pe baza statisticilor \u0219i a\npropriei noastre experien\u021be.<\/p>\n<p>Din acest\nmotiv, \u00een prezent chirurgia tradi\u021bional\u0103\nse utilizeaz\u0103 \u00een principal la cazurile\ncomplicate \u0219i la tumori de dimensiuni\nmari. Astfel, masa tumoral\u0103 poate fi\neficient redus\u0103, chiar complet\n\u00eendep\u0103rtat\u0103, iar presiunea asupra\n\u021besutului \u00eenconjur\u0103tor poate fi\neliminat\u0103. De obicei tumorile nervoase\nauditive de dimensiuni mici \u0219i mijlocii nu provoac\u0103 o astfel de presiune\nasupra mediului lor, interven\u021bia\nchirurgical\u0103 nu este indicat\u0103 neap\u0103rat.\nAceste tumori cauzeaz\u0103 \u00een primul r\u00e2nd\npierderea auzului sau tulbur\u0103ri de\nmi\u0219care, ceea ce duce la diagnosticarea\nlor. \u00cen cazul tumorilor cu diametru mai\nmic de 3 cm, tratamentul\nradiochirurgical este o alternativ\u0103\neficient\u0103 la interven\u021biile chirurgicale,\nprin care, \u00een majoritatea cazurilor, se\npoate asigura \u00eencetinirea cre\u0219terii\ntumorii, iar la numeroase cazuri se\npoate observa \u0219i reducerea\nsemnificativ\u0103 a tumorii dup\u0103 o perioad\u0103\nmai lung\u0103 de la tratament.<\/p>\n\t\t\t\t<\/div>\n\t\t\t<\/div><\/div>\t\t<\/div>\n\t\t\t\t<\/div>\n\t\t\t\t<div class=\"elementor-element elementor-element-868367e elementor-widget elementor-widget-menu-anchor\" data-id=\"868367e\" data-element_type=\"widget\" data-widget_type=\"menu-anchor.default\">\n\t\t\t\t<div class=\"elementor-widget-container\">\n\t\t\t\t\t<div id=\"agyiattet\" class=\"elementor-menu-anchor\"><\/div>\n\t\t\t\t<\/div>\n\t\t\t\t<\/div>\n\t\t\t\t\t<\/div>\n\t\t<\/div>\n\t\t\t\t\t\t\t<\/div>\n\t\t<\/section>\n\t\t\t\t<section class=\"elementor-section elementor-top-section elementor-element elementor-element-23b2ada elementor-section-boxed elementor-section-height-default elementor-section-height-default\" data-id=\"23b2ada\" data-element_type=\"section\" id=\"agyiattet\">\n\t\t\t\t\t\t<div class=\"elementor-container elementor-column-gap-extended\">\n\t\t\t\t\t<div class=\"elementor-column elementor-col-100 elementor-top-column elementor-element elementor-element-bcb0efa\" data-id=\"bcb0efa\" data-element_type=\"column\">\n\t\t\t<div class=\"elementor-widget-wrap elementor-element-populated\">\n\t\t\t\t\t\t\t\t<div class=\"elementor-element elementor-element-b8e577a elementor-widget elementor-widget-elementskit-heading\" data-id=\"b8e577a\" data-element_type=\"widget\" data-widget_type=\"elementskit-heading.default\">\n\t\t\t\t<div class=\"elementor-widget-container\">\n\t\t\t<div class=\"ekit-wid-con\" ><div class=\"ekit-heading elementskit-section-title-wraper text_left   ekit_heading_tablet-   ekit_heading_mobile-\"><h2 class=\"ekit-heading--title elementskit-section-title\">Metastazele cerebrale<\/h2>\t\t\t\t<div class='ekit-heading__description'>\n\t\t\t\t\t<p>\u00cen organism (pl\u0103m\u00e2ni, s\u00e2n, colon, piele)\nse pot dezvolta diferite tumori maligne.\nCelulele din aceste tumori, prin\ncircula\u021bia s\u00e2ngelui se pot extinde \u0219i \u00een\nalte \u021besuturi din organism, inclusiv \u00een\ncreier, dezvolt\u00e2nd a\u0219a-numitele\nmetastaze.<\/p>\n<p>\u00cen func\u021bie de m\u0103rimea, num\u0103rul \u0219i\nefectele produse asupra creierului,\naceste tumori se pot trata prin\ninterven\u021bii chirurgicale clasice,\nradiochirurgie sau prin combina\u021bia\nacestor dou\u0103 metode.<\/p>\n<p>La pacien\u021bii care\nla momentul diagnostic\u0103rii prezint\u0103 o\nstare general\u0103 bun\u0103, un num\u0103r limitat\n(max. 4-5) de tumori cu dimensiuni mai\nmici, tratamentul radiochirurgical poate\nfi foarte eficient.<\/p>\n<p>Scopul tratamentului\neste de a expune la radia\u021biile ionizante\nnumai masa tumoral\u0103, protej\u00e2nd de\nefectele adverse \u00een acela\u0219i timp zonele\ns\u0103n\u0103toase ale creierului.<\/p>\n<p>\u00cen cazul \u00een care\nnum\u0103rul \u0219i volumul total al tumorilor\neste mare, recomand\u0103m iradierea\ncreierului frac\u021bionat stereotaxic (SBRT) sau iradierea tradi\u021bional\u0103 a creierului\n\u00eentreg (WBRT) \u00een institu\u021biile regionale de\nradioterapie.<\/p>\n<p>Procedura din urm\u0103 este\nnecesar\u0103 de asemenea \u00een cazul\nr\u0103sp\u00e2ndirii tumorii leptomeningieni,\ncare \u00eenconjur\u0103 meningele.<\/p>\n<p><p><br \/><a><\/a><br \/><p><\/p>\n<p><p><\/p>\n\t\t\t\t<\/div>\n\t\t\t<\/div><\/div>\t\t<\/div>\n\t\t\t\t<\/div>\n\t\t\t\t<div class=\"elementor-element elementor-element-c3b8647 elementor-widget elementor-widget-menu-anchor\" data-id=\"c3b8647\" data-element_type=\"widget\" data-widget_type=\"menu-anchor.default\">\n\t\t\t\t<div class=\"elementor-widget-container\">\n\t\t\t\t\t<div id=\"erfejlodes\" class=\"elementor-menu-anchor\"><\/div>\n\t\t\t\t<\/div>\n\t\t\t\t<\/div>\n\t\t\t\t\t<\/div>\n\t\t<\/div>\n\t\t\t\t\t\t\t<\/div>\n\t\t<\/section>\n\t\t\t\t<section class=\"elementor-section elementor-top-section elementor-element elementor-element-f54e257 elementor-section-boxed elementor-section-height-default elementor-section-height-default\" data-id=\"f54e257\" data-element_type=\"section\" id=\"erfejlodes\">\n\t\t\t\t\t\t<div class=\"elementor-container elementor-column-gap-extended\">\n\t\t\t\t\t<div class=\"elementor-column elementor-col-100 elementor-top-column elementor-element elementor-element-fedbb3d\" data-id=\"fedbb3d\" data-element_type=\"column\">\n\t\t\t<div class=\"elementor-widget-wrap elementor-element-populated\">\n\t\t\t\t\t\t\t\t<div class=\"elementor-element elementor-element-7b8c779 elementor-widget elementor-widget-elementskit-heading\" data-id=\"7b8c779\" data-element_type=\"widget\" data-widget_type=\"elementskit-heading.default\">\n\t\t\t\t<div class=\"elementor-widget-container\">\n\t\t\t<div class=\"ekit-wid-con\" ><div class=\"ekit-heading elementskit-section-title-wraper text_left   ekit_heading_tablet-   ekit_heading_mobile-\"><h2 class=\"ekit-heading--title elementskit-section-title\">Malforma\u021bii vasculare cerebrale \u2013\nangiom, cavernom<\/h2>\t\t\t\t<div class='ekit-heading__description'>\n\t\t\t\t\t<p>\u00cen creier pot exista numeroase\nmalforma\u021bii vasculare non-tumorale,\ncare dac\u0103 sunt depistate\nnecesit\u0103 tratament.<\/p>\n<p>Radiochirurgia se\nefectueaz\u0103 pentru tratarea angioamelor\nmici, la cavernoame greu accesibile sau\nhemoragice, sau la angioamele\nembolizate de dimensiuni mici tratate\n\u00een mai multe etape.<br \/><a><\/a><br \/>Ca urmare a\ntratamentului radiochirurgical, \u00een\ninteriorul vaselor hemangioamelor se\nproduce o proliferare a celulelor\nvasculare, care dup\u0103 o perioad\u0103 mai\nlung\u0103 de timp (chiar \u0219i c\u00e2\u021biva ani) duce\nla \u00eengro\u0219area peretelui vaselor, la\nocluzia traptat\u0103 a vaselor cu sc\u0103derea\nposibilit\u0103\u021bii de hemoragie.<\/p>\n<p>De la \u00eencheierea tratamentului p\u00e2n\u0103 la\nobstruc\u021bia complet\u0103, exist\u0103 un risc de\nhemoragie, dar, \u00een general, acest risc\nscade treptat.<\/p>\n\t\t\t\t<\/div>\n\t\t\t<\/div><\/div>\t\t<\/div>\n\t\t\t\t<\/div>\n\t\t\t\t<div class=\"elementor-element elementor-element-4468848 elementor-widget elementor-widget-menu-anchor\" data-id=\"4468848\" data-element_type=\"widget\" data-widget_type=\"menu-anchor.default\">\n\t\t\t\t<div class=\"elementor-widget-container\">\n\t\t\t\t\t<div id=\"arcideg\" class=\"elementor-menu-anchor\"><\/div>\n\t\t\t\t<\/div>\n\t\t\t\t<\/div>\n\t\t\t\t\t<\/div>\n\t\t<\/div>\n\t\t\t\t\t\t\t<\/div>\n\t\t<\/section>\n\t\t\t\t<section class=\"elementor-section elementor-top-section elementor-element elementor-element-5f8f9fb elementor-section-boxed elementor-section-height-default elementor-section-height-default\" data-id=\"5f8f9fb\" data-element_type=\"section\" id=\"arcideg\">\n\t\t\t\t\t\t<div class=\"elementor-container elementor-column-gap-extended\">\n\t\t\t\t\t<div class=\"elementor-column elementor-col-100 elementor-top-column elementor-element elementor-element-7065461\" data-id=\"7065461\" data-element_type=\"column\">\n\t\t\t<div class=\"elementor-widget-wrap elementor-element-populated\">\n\t\t\t\t\t\t\t\t<div class=\"elementor-element elementor-element-6457ee7 elementor-widget elementor-widget-elementskit-heading\" data-id=\"6457ee7\" data-element_type=\"widget\" data-widget_type=\"elementskit-heading.default\">\n\t\t\t\t<div class=\"elementor-widget-container\">\n\t\t\t<div class=\"ekit-wid-con\" ><div class=\"ekit-heading elementskit-section-title-wraper text_left   ekit_heading_tablet-   ekit_heading_mobile-\"><h2 class=\"ekit-heading--title elementskit-section-title\">Neuralgia facial\u0103 - neuralgia\ntrigeminal\u0103, tic doloreux<\/h2>\t\t\t\t<div class='ekit-heading__description'>\n\t\t\t\t\t<p>Neuralgia facial\u0103 sau neuralgia\ntrigeminal\u0103, este o afec\u021biune a nervului\nV care se manifest\u0103 cu\ndurere intens\u0103, care apare \u00een zona\nnervului senzorial \u0219i survine cel mai\ndes pe a doua \u0219i a treia ramur\u0103\nnervoas\u0103.<\/p>\n<p>Cauza bolii de cele mai multe\nori nu este cunoscut\u0103 (este idiopatic\u0103),\ndar \u00een unele cazuri poate fi declan\u0219at\u0103\nde afec\u021biuni dentare, deteriorarea\nmecanic\u0103 a nervului (de ex. vas\npulsatoriu, placuri), leziuni inflamatorii,\ninfec\u021bia cu herpesvirus, tumori, etc.<\/p>\n<p>Diagnosticul se stabile\u0219te pe baza\nconsultului neurologic, investiga\u021bii CT,\nRMN, angio RMN.<\/p>\n<p>Tratamentul de baz\u0103 este cea\nmedicamentoas\u0103, dar dac\u0103 neuralgia nu\nr\u0103spunde la tratament, se indic\u0103 \u0219i alte\nmetode terapeutice, astfel interven\u021bia\nchirurgical\u0103 \u0219i radiochirurgia.<\/p>\n<p>\u00cen cazurile \u00een care boala nu se\namelioreaz\u0103 cu medicamente,\ncompresia pe nervul trigemen nu este\nvizibil\u0103, sau pacientul are o v\u00e2rst\u0103\n\u00eenaintat\u0103, ori starea general\u0103 nu\npermite interven\u021bia chirurgical\u0103 clasic\u0103,\nsau pacientul refuz\u0103 acesta, distrugerea\nnervului poate despresura problemele,\nuneori chiar \u0219i vindeca acestea, prin\nmetodele radiochirurgicale.<\/p>\n<p>\u00cen cazurile men\u021bionate este indicat\u0103\ncontactarea unui neurochirurg\nspecialist \u00een tratarea neuralgiei\ntrigeminale, \u021bin\u00e2nd cont de opiniile\npacientului \u00een luarea deciziei cu privire\nla metodele de tratament.<\/p>\n<p>Dac\u0103 se recomand\u0103 tratament\nradiochirurgical, \u00een Ungaria se poate\nefectua ecest lucru doar la Centrul de\nRadiochirurgie din Debrecen. \u00cen acest\ncaz, v\u0103 rug\u0103m s\u0103 contacta\u021bi colegii\nno\u0219tri neurochirurgi pentru informa\u021bii suplimentare.<\/p>\n<p><p><\/p>\n<p><p><\/p>\n<p><p><\/p>\n<p><p><\/p>\n<p><p><\/p>\n\t\t\t\t<\/div>\n\t\t\t<\/div><\/div>\t\t<\/div>\n\t\t\t\t<\/div>\n\t\t\t\t\t<\/div>\n\t\t<\/div>\n\t\t\t\t\t\t\t<\/div>\n\t\t<\/section>\n\t\t\t\t<section class=\"elementor-section elementor-top-section elementor-element elementor-element-35c44ffb elementor-section-boxed elementor-section-height-default elementor-section-height-default\" data-id=\"35c44ffb\" data-element_type=\"section\">\n\t\t\t\t\t\t<div class=\"elementor-container elementor-column-gap-default\">\n\t\t\t\t\t<div class=\"elementor-column elementor-col-100 elementor-top-column elementor-element elementor-element-868512\" data-id=\"868512\" data-element_type=\"column\">\n\t\t\t<div class=\"elementor-widget-wrap elementor-element-populated\">\n\t\t\t\t\t\t\t\t<div class=\"elementor-element elementor-element-b1d4d34 elementor-fixed elementor-widget__width-auto elementor-widget elementor-widget-global elementor-global-6174 elementor-widget-elementskit-button\" data-id=\"b1d4d34\" data-element_type=\"widget\" data-settings=\"{&quot;_position&quot;:&quot;fixed&quot;}\" data-widget_type=\"elementskit-button.default\">\n\t\t\t\t<div class=\"elementor-widget-container\">\n\t\t\t<div class=\"ekit-wid-con\" >\t\t<div class=\"ekit-btn-wraper\">\n\t\t\t\t\t\t\t<a href=\"#elementor-action:action=popup:open&settings=eyJpZCI6IjYwMzgiLCJ0b2dnbGUiOmZhbHNlfQ==\" class=\"elementskit-btn  whitespace--normal\" >\n\t\t\t\t\t\n\t\t\t\t\t<i aria-hidden=\"true\" class=\"icon icon-chat\"><\/i>\n\t\t\t\t\tConsulta\u021bie\t\t\t\t<\/a>\n\t\t\t\t\t\t<\/div>\n        <\/div>\t\t<\/div>\n\t\t\t\t<\/div>\n\t\t\t\t\t<\/div>\n\t\t<\/div>\n\t\t\t\t\t\t\t<\/div>\n\t\t<\/section>\n\t\t\t\t\t\t\t<\/div>","protected":false},"excerpt":{"rendered":"<p>Kezelhet\u0151 betegs\u00e9gek Betegs\u00e9gt\u00edpusonk\u00e9nt m\u00e1s id\u0151pontban jelentkez\u0151 hat\u00e1s Maga a sug\u00e1rseb\u00e9szeti kezel\u00e9s egy hosszabb t\u00e1von megval\u00f3sul\u00f3, roncsol\u00f3 folyamatot ind\u00edt be a betegs\u00e9ggel \u00e9rintett ter\u00fcleten. A kezel\u00e9s ut\u00e1n k\u00f6zvetlen\u00fcl ez\u00e9rt m\u00e9g azonnali hat\u00e1s nem l\u00e1that\u00f3: n\u00e9h\u00e1ny h\u00f3nap ut\u00e1n a folyamat alakul\u00e1sa azonban k\u00e9palkot\u00f3 felv\u00e9telen m\u00e1r lek\u00f6vethet\u0151. A beavatkoz\u00e1s v\u00e9gleges eredm\u00e9nye minden betegs\u00e9gt\u00edpusn\u00e1l k\u00fcl\u00f6nb\u00f6z\u0151 id\u0151pontban \u00e1llap\u00edthat\u00f3 meg: rosszindulat\u00fa [&hellip;]<\/p>","protected":false},"author":1,"featured_media":0,"parent":0,"menu_order":4,"comment_status":"closed","ping_status":"closed","template":"template\/template-home.php","meta":{"footnotes":""},"class_list":["post-5941","page","type-page","status-publish","hentry"],"aioseo_notices":[],"_links":{"self":[{"href":"https:\/\/sugarsebeszet.hu\/ro\/wp-json\/wp\/v2\/pages\/5941","targetHints":{"allow":["GET"]}}],"collection":[{"href":"https:\/\/sugarsebeszet.hu\/ro\/wp-json\/wp\/v2\/pages"}],"about":[{"href":"https:\/\/sugarsebeszet.hu\/ro\/wp-json\/wp\/v2\/types\/page"}],"author":[{"embeddable":true,"href":"https:\/\/sugarsebeszet.hu\/ro\/wp-json\/wp\/v2\/users\/1"}],"replies":[{"embeddable":true,"href":"https:\/\/sugarsebeszet.hu\/ro\/wp-json\/wp\/v2\/comments?post=5941"}],"version-history":[{"count":0,"href":"https:\/\/sugarsebeszet.hu\/ro\/wp-json\/wp\/v2\/pages\/5941\/revisions"}],"wp:attachment":[{"href":"https:\/\/sugarsebeszet.hu\/ro\/wp-json\/wp\/v2\/media?parent=5941"}],"curies":[{"name":"wp","href":"https:\/\/api.w.org\/{rel}","templated":true}]}}