{"id":5969,"date":"2022-05-08T08:38:19","date_gmt":"2022-05-08T08:38:19","guid":{"rendered":"http:\/\/sugarseb.local\/?page_id=5969"},"modified":"2022-08-19T09:00:38","modified_gmt":"2022-08-19T09:00:38","slug":"kezeles-menete","status":"publish","type":"page","link":"https:\/\/sugarsebeszet.hu\/ro\/kezeles-menete\/","title":{"rendered":"Cursul tratamentului"},"content":{"rendered":"<div data-elementor-type=\"wp-page\" data-elementor-id=\"5969\" class=\"elementor elementor-5969\" data-elementor-post-type=\"page\">\n\t\t\t\t\t\t\t\t\t<section class=\"elementor-section elementor-top-section elementor-element elementor-element-7043ec51 elementor-section-full_width elementor-section-stretched elementor-section-height-default elementor-section-height-default\" data-id=\"7043ec51\" data-element_type=\"section\" data-settings=\"{&quot;stretch_section&quot;:&quot;section-stretched&quot;,&quot;background_background&quot;:&quot;classic&quot;}\">\n\t\t\t\t\t\t<div class=\"elementor-container elementor-column-gap-default\">\n\t\t\t\t\t<div class=\"elementor-column elementor-col-100 elementor-top-column elementor-element elementor-element-2894b5ec\" data-id=\"2894b5ec\" data-element_type=\"column\">\n\t\t\t<div class=\"elementor-widget-wrap elementor-element-populated\">\n\t\t\t\t\t\t\t\t<section class=\"elementor-section elementor-inner-section elementor-element elementor-element-1d33b232 elementor-section-boxed elementor-section-height-default elementor-section-height-default\" data-id=\"1d33b232\" data-element_type=\"section\">\n\t\t\t\t\t\t<div class=\"elementor-container elementor-column-gap-default\">\n\t\t\t\t\t<div class=\"elementor-column elementor-col-100 elementor-inner-column elementor-element elementor-element-7ecb8313\" data-id=\"7ecb8313\" data-element_type=\"column\">\n\t\t\t<div class=\"elementor-widget-wrap elementor-element-populated\">\n\t\t\t\t\t\t\t\t<div class=\"elementor-element elementor-element-3edbad8 elementor-widget__width-auto elementor-widget elementor-widget-elementskit-heading\" data-id=\"3edbad8\" data-element_type=\"widget\" data-widget_type=\"elementskit-heading.default\">\n\t\t\t\t<div class=\"elementor-widget-container\">\n\t\t\t<div class=\"ekit-wid-con\" ><div class=\"ekit-heading elementskit-section-title-wraper text_left   ekit_heading_tablet-   ekit_heading_mobile-\"><h1 class=\"ekit-heading--title elementskit-section-title\">Cursul tratamentului<\/h1><\/div><\/div>\t\t<\/div>\n\t\t\t\t<\/div>\n\t\t\t\t\t<\/div>\n\t\t<\/div>\n\t\t\t\t\t\t\t<\/div>\n\t\t<\/section>\n\t\t\t\t\t<\/div>\n\t\t<\/div>\n\t\t\t\t\t\t\t<\/div>\n\t\t<\/section>\n\t\t\t\t<section class=\"elementor-section elementor-top-section elementor-element elementor-element-b4f267d elementor-section-boxed elementor-section-height-default elementor-section-height-default\" data-id=\"b4f267d\" data-element_type=\"section\">\n\t\t\t\t\t\t<div class=\"elementor-container elementor-column-gap-default\">\n\t\t\t\t\t<div class=\"elementor-column elementor-col-50 elementor-top-column elementor-element elementor-element-77e78aa\" data-id=\"77e78aa\" data-element_type=\"column\">\n\t\t\t<div class=\"elementor-widget-wrap elementor-element-populated\">\n\t\t\t\t\t\t\t\t<div class=\"elementor-element elementor-element-495535cb elementor-widget elementor-widget-elementskit-heading\" data-id=\"495535cb\" data-element_type=\"widget\" data-widget_type=\"elementskit-heading.default\">\n\t\t\t\t<div class=\"elementor-widget-container\">\n\t\t\t<div class=\"ekit-wid-con\" ><div class=\"ekit-heading elementskit-section-title-wraper text_left   ekit_heading_tablet-   ekit_heading_mobile-\">\t\t\t\t<div class='ekit-heading__description'>\n\t\t\t\t\t<p>Tratamentul dureaz\u0103 de obicei 20-40 de\nminute, dar \u00een func\u021bie de tipul \u0219i dimensiunea\nleziunii, poate varia \u00een unele cazuri de p\u00e2n\u0103 la\n\n1,5-2 ore.<br \/>Interven\u021bia necesit\u0103 prepar\u0103ri pentru care este\nnevoie de o spitalizare de o noapte.<br \/>Dup\u0103 tratament, pacientul poate fi trimis acas\u0103\ndoar cu un \u00eenso\u021bitor: acestea pot fi cazate \u00een\nzona clinicii sau \u00een ora\u0219. Se desf\u0103\u015foar\u0103 o\ndiscuta\u021bie preliminar\u0103 despre aceste posibilit\u0103\u021bi \u0219i costurile posibile ale acestora. Dac\u0103 pacientul\nare o asigurare medical\u0103 valabil\u0103, costurile de\nc\u0103l\u0103torie vor fi rambursate de asigur\u0103tor.<\/p>\n\t\t\t\t<\/div>\n\t\t\t<\/div><\/div>\t\t<\/div>\n\t\t\t\t<\/div>\n\t\t\t\t\t<\/div>\n\t\t<\/div>\n\t\t\t\t<div class=\"elementor-column elementor-col-50 elementor-top-column elementor-element elementor-element-3afb4e8\" data-id=\"3afb4e8\" data-element_type=\"column\">\n\t\t\t<div class=\"elementor-widget-wrap elementor-element-populated\">\n\t\t\t\t\t\t\t\t<div class=\"elementor-element elementor-element-f6745b4 elementor-widget elementor-widget-image\" data-id=\"f6745b4\" data-element_type=\"widget\" data-widget_type=\"image.default\">\n\t\t\t\t<div class=\"elementor-widget-container\">\n\t\t\t<style>\/*! elementor - v3.16.0 - 20-09-2023 *\/\n.elementor-widget-image{text-align:center}.elementor-widget-image a{display:inline-block}.elementor-widget-image a img[src$=\".svg\"]{width:48px}.elementor-widget-image img{vertical-align:middle;display:inline-block}<\/style>\t\t\t\t\t\t\t\t\t\t\t\t<img loading=\"lazy\" decoding=\"async\" width=\"768\" height=\"511\" src=\"https:\/\/sugarsebeszet.hu\/wp-content\/uploads\/2022\/06\/DSC5518-768x511.jpg\" class=\"attachment-medium_large size-medium_large wp-image-6630\" alt=\"\" srcset=\"https:\/\/sugarsebeszet.hu\/wp-content\/uploads\/2022\/06\/DSC5518-768x511.jpg 768w, https:\/\/sugarsebeszet.hu\/wp-content\/uploads\/2022\/06\/DSC5518-300x200.jpg 300w, https:\/\/sugarsebeszet.hu\/wp-content\/uploads\/2022\/06\/DSC5518-1024x681.jpg 1024w, https:\/\/sugarsebeszet.hu\/wp-content\/uploads\/2022\/06\/DSC5518.jpg 1200w\" sizes=\"auto, (max-width: 768px) 100vw, 768px\" \/>\t\t\t\t\t\t\t\t\t\t\t\t\t\t\t<\/div>\n\t\t\t\t<\/div>\n\t\t\t\t\t<\/div>\n\t\t<\/div>\n\t\t\t\t\t\t\t<\/div>\n\t\t<\/section>\n\t\t\t\t<section class=\"elementor-section elementor-top-section elementor-element elementor-element-48be433 elementor-section-boxed elementor-section-height-default elementor-section-height-default\" data-id=\"48be433\" data-element_type=\"section\">\n\t\t\t\t\t\t<div class=\"elementor-container elementor-column-gap-extended\">\n\t\t\t\t\t<div class=\"elementor-column elementor-col-100 elementor-top-column elementor-element elementor-element-12545a3\" data-id=\"12545a3\" data-element_type=\"column\">\n\t\t\t<div class=\"elementor-widget-wrap elementor-element-populated\">\n\t\t\t\t\t\t\t\t<div class=\"elementor-element elementor-element-6ab1667 elementor-widget elementor-widget-elementskit-heading\" data-id=\"6ab1667\" data-element_type=\"widget\" data-widget_type=\"elementskit-heading.default\">\n\t\t\t\t<div class=\"elementor-widget-container\">\n\t\t\t<div class=\"ekit-wid-con\" ><div class=\"ekit-heading elementskit-section-title-wraper text_left   ekit_heading_tablet-   ekit_heading_mobile-\"><h2 class=\"ekit-heading--title elementskit-section-title\"><span>\u00cen ziua \u00eenainte de tratament:<\/span> este obligatoriu un\nnou examen de RMN pentru precizia \u021bintirii<\/h2>\t\t\t\t<div class='ekit-heading__description'>\n\t\t\t\t\t<p>Cu o zi \u00eenainte de tratament, pacientul este\ninternat la Sec\u021bia de Neurochirurgie, unde se\ndesf\u0103\u015foar\u0103 o examinare RMN curent\u0103 pentru\nplanificarea interven\u021biei de radiochirurgie. Cu\nexamenul de CT cu substan\u021b\u0103 de contrast f\u0103cut\u0103\n\u00een ziua urm\u0103toare, poate fi creat\u0103 electronic o\nimagine fuzionat\u0103 \u00een care leziunile devin vizibile\nc\u00e2t mai detaliat posibil. <br \/>Zona \u021bint\u0103 de iradiere\nsferic\u0103 va fi marcat\u0103 pe imaginea fuzionat\u0103.\nPacientul petrece noaptea \u00een spital, astfel \u00eenc\u00e2t\npreg\u0103tirea s\u0103 poat\u0103 \u00eencepe devreme a doua zi\n\ndiminea\u021b\u0103.<\/p>\n\t\t\t\t<\/div>\n\t\t\t<\/div><\/div>\t\t<\/div>\n\t\t\t\t<\/div>\n\t\t\t\t\t<\/div>\n\t\t<\/div>\n\t\t\t\t\t\t\t<\/div>\n\t\t<\/section>\n\t\t\t\t<section class=\"elementor-section elementor-top-section elementor-element elementor-element-a2a91b4 elementor-section-boxed elementor-section-height-default elementor-section-height-default\" data-id=\"a2a91b4\" data-element_type=\"section\">\n\t\t\t\t\t\t<div class=\"elementor-container elementor-column-gap-extended\">\n\t\t\t\t\t<div class=\"elementor-column elementor-col-50 elementor-top-column elementor-element elementor-element-44f49c7\" data-id=\"44f49c7\" data-element_type=\"column\">\n\t\t\t<div class=\"elementor-widget-wrap elementor-element-populated\">\n\t\t\t\t\t\t\t\t<div class=\"elementor-element elementor-element-dad9ed5 elementor-widget elementor-widget-elementskit-heading\" data-id=\"dad9ed5\" data-element_type=\"widget\" data-widget_type=\"elementskit-heading.default\">\n\t\t\t\t<div class=\"elementor-widget-container\">\n\t\t\t<div class=\"ekit-wid-con\" ><div class=\"ekit-heading elementskit-section-title-wraper text_left   ekit_heading_tablet-   ekit_heading_mobile-\"><h2 class=\"ekit-heading--title elementskit-section-title\"><span>Preg\u0103tirea peliminar\u0103:<\/span> aplicarea cadrului pentru\n\nfixarea sigur\u0103 a capului<\/h2>\t\t\t\t<div class='ekit-heading__description'>\n\t\t\t\t\t<p>\u00cen diminea\u0163a urm\u0103toare, asistentul de la Centrul\nde Radiochirurgie Gamma plaseaz\u0103 o canul\u0103 \u00een\nbra\u021bul pacientului pentru examinarea CT cu\ncontrast. De diminea\u021b\u0103, pacientul poate bea\ndoar ap\u0103 plat\u0103, deoarece tratamentul se face pe\n\nstomacul gol. <br \/>Pentru o \u021bintire precis\u0103, capul pacientului\ntrebuie s\u0103 fie fixat \u00een siguran\u021b\u0103, astfel \u00eenc\u00e2t\nrazele gamma s\u0103 se \u00eent\u00e2lneasc\u0103 numai \u00een\npunctele predeterminate ale leziunii. <br \/>Fixarea este asigurat\u0103 de un cadru stereotaxic,\ncare serve\u0219te \u0219i ca sistem de coordonate\ntridimensional \u00een timpul planific\u0103rii. <br \/>Scanarea CT cu substan\u021ba de contrast necesar\u0103\npentru planificarea radia\u021biilor este deja realizat\u0103\n\u00een acest cadru, iar acesta va fi folosit\u0103 \u0219i \u00een\nlocalizarea \u00een dispozitivul de iradiere.<br \/>Cadrul\neste plasat \u00een sala de tratament al\nDepartamentului de Neurochirurgie. Cadrul\ntrebuie ata\u0219at de osul cranian \u00een patru puncte,\n\u00een spate pe ambele p\u0103r\u021bi ale capului \u0219i \u00een fa\u021b\u0103 pe\nambele p\u0103r\u021bi ale frun\u021bii. Pentru fixare sunt\nfolosite patru \u0219uruburi care p\u0103trund \u00een piele,\nastfel \u00eenc\u00e2t pacientul prime\u0219te anestezie local\u0103\n\u00eenainte de aplicare. Dup\u0103 aplicarea cadrului,\npacien\u021biii raporteaz\u0103 o senza\u021bie de tensiune,\ncare apoi dispare complet.<br \/>Dup\u0103 examenul tomograf cu contrast, pacientul\neste transferat cu ambulan\u021b\u0103 la Centrul de Radiochirurgie Gamma din sediul Clinicii.<\/p>\n\t\t\t\t<\/div>\n\t\t\t<\/div><\/div>\t\t<\/div>\n\t\t\t\t<\/div>\n\t\t\t\t\t<\/div>\n\t\t<\/div>\n\t\t\t\t<div class=\"elementor-column elementor-col-50 elementor-top-column elementor-element elementor-element-6e91202\" data-id=\"6e91202\" data-element_type=\"column\">\n\t\t\t<div class=\"elementor-widget-wrap elementor-element-populated\">\n\t\t\t\t\t\t\t\t<div class=\"elementor-element elementor-element-76b95a3 elementor-widget elementor-widget-image\" data-id=\"76b95a3\" data-element_type=\"widget\" data-widget_type=\"image.default\">\n\t\t\t\t<div class=\"elementor-widget-container\">\n\t\t\t\t\t\t\t\t\t\t\t\t\t\t\t<img loading=\"lazy\" decoding=\"async\" width=\"768\" height=\"512\" src=\"https:\/\/sugarsebeszet.hu\/wp-content\/uploads\/2022\/06\/kep_2-768x512.png\" class=\"attachment-medium_large size-medium_large wp-image-6672\" alt=\"\" srcset=\"https:\/\/sugarsebeszet.hu\/wp-content\/uploads\/2022\/06\/kep_2-768x512.png 768w, https:\/\/sugarsebeszet.hu\/wp-content\/uploads\/2022\/06\/kep_2-300x200.png 300w, https:\/\/sugarsebeszet.hu\/wp-content\/uploads\/2022\/06\/kep_2-1024x683.png 1024w, https:\/\/sugarsebeszet.hu\/wp-content\/uploads\/2022\/06\/kep_2-1536x1024.png 1536w, https:\/\/sugarsebeszet.hu\/wp-content\/uploads\/2022\/06\/kep_2.png 2046w\" sizes=\"auto, (max-width: 768px) 100vw, 768px\" \/>\t\t\t\t\t\t\t\t\t\t\t\t\t\t\t<\/div>\n\t\t\t\t<\/div>\n\t\t\t\t\t<\/div>\n\t\t<\/div>\n\t\t\t\t\t\t\t<\/div>\n\t\t<\/section>\n\t\t\t\t<section class=\"elementor-section elementor-top-section elementor-element elementor-element-2ececb6 elementor-section-boxed elementor-section-height-default elementor-section-height-default\" data-id=\"2ececb6\" data-element_type=\"section\">\n\t\t\t\t\t\t<div class=\"elementor-container elementor-column-gap-extended\">\n\t\t\t\t\t<div class=\"elementor-column elementor-col-50 elementor-top-column elementor-element elementor-element-2904121\" data-id=\"2904121\" data-element_type=\"column\">\n\t\t\t<div class=\"elementor-widget-wrap elementor-element-populated\">\n\t\t\t\t\t\t\t\t<div class=\"elementor-element elementor-element-87ebcfb elementor-widget elementor-widget-elementskit-heading\" data-id=\"87ebcfb\" data-element_type=\"widget\" data-widget_type=\"elementskit-heading.default\">\n\t\t\t\t<div class=\"elementor-widget-container\">\n\t\t\t<div class=\"ekit-wid-con\" ><div class=\"ekit-heading elementskit-section-title-wraper text_left   ekit_heading_tablet-   ekit_heading_mobile-\"><h2 class=\"ekit-heading--title elementskit-section-title\"><span>Planificarea iradierii:<\/span> munca unei echipe de\nprofesioni\u0219ti dedica\u021bi<\/h2>\t\t\t\t<div class='ekit-heading__description'>\n\t\t\t\t\t<p>Partea preciz\u0103 a procedurii este planificarea\niradierii, care se realizeaz\u0103 de un neurochirurg,\nradioterapeut \u0219i fizician. Neurochirurgul\nplanific\u0103 procesul de tratament, determin\u0103 pe\nun computer coordonatele tridimensionale ale\nzonei \u021bint\u0103 \u00een raport cu cadrul, dimensiunea\nacesteia \u0219i doza planificat\u0103. Fizicianul verific\u0103\ncoordonatele \u0219i doza de iradia\u021bie. M\u0103rimea\ndozei planificate depinde de histologia leziunii,\nde volumul \u0219i localizarea zonei de tratat \u0219i de\ndoza administrat\u0103 \u00een decursul iradierilor\nanterioare. Planificarea iradierii dureaz\u0103\naproximativ o jum\u0103tate de or\u0103, timp \u00een care\npacientul \u0219i \u00eenso\u021bitorul stau \u00eentr-o camer\u0103 de\n\nodihn\u0103.<\/p>\n\t\t\t\t<\/div>\n\t\t\t<\/div><\/div>\t\t<\/div>\n\t\t\t\t<\/div>\n\t\t\t\t\t<\/div>\n\t\t<\/div>\n\t\t\t\t<div class=\"elementor-column elementor-col-50 elementor-top-column elementor-element elementor-element-640a6ec\" data-id=\"640a6ec\" data-element_type=\"column\">\n\t\t\t<div class=\"elementor-widget-wrap elementor-element-populated\">\n\t\t\t\t\t\t\t\t<div class=\"elementor-element elementor-element-c50e19e elementor-widget elementor-widget-image\" data-id=\"c50e19e\" data-element_type=\"widget\" data-widget_type=\"image.default\">\n\t\t\t\t<div class=\"elementor-widget-container\">\n\t\t\t\t\t\t\t\t\t\t\t\t\t\t\t<img loading=\"lazy\" decoding=\"async\" width=\"768\" height=\"511\" src=\"https:\/\/sugarsebeszet.hu\/wp-content\/uploads\/2022\/06\/DSC5521-768x511.jpg\" class=\"attachment-medium_large size-medium_large wp-image-6632\" alt=\"\" srcset=\"https:\/\/sugarsebeszet.hu\/wp-content\/uploads\/2022\/06\/DSC5521-768x511.jpg 768w, https:\/\/sugarsebeszet.hu\/wp-content\/uploads\/2022\/06\/DSC5521-300x200.jpg 300w, https:\/\/sugarsebeszet.hu\/wp-content\/uploads\/2022\/06\/DSC5521-1024x681.jpg 1024w, https:\/\/sugarsebeszet.hu\/wp-content\/uploads\/2022\/06\/DSC5521.jpg 1200w\" sizes=\"auto, (max-width: 768px) 100vw, 768px\" \/>\t\t\t\t\t\t\t\t\t\t\t\t\t\t\t<\/div>\n\t\t\t\t<\/div>\n\t\t\t\t\t<\/div>\n\t\t<\/div>\n\t\t\t\t\t\t\t<\/div>\n\t\t<\/section>\n\t\t\t\t<section class=\"elementor-section elementor-top-section elementor-element elementor-element-6b76ec2 elementor-section-boxed elementor-section-height-default elementor-section-height-default\" data-id=\"6b76ec2\" data-element_type=\"section\">\n\t\t\t\t\t\t<div class=\"elementor-container elementor-column-gap-extended\">\n\t\t\t\t\t<div class=\"elementor-column elementor-col-50 elementor-top-column elementor-element elementor-element-e41c8bd\" data-id=\"e41c8bd\" data-element_type=\"column\">\n\t\t\t<div class=\"elementor-widget-wrap elementor-element-populated\">\n\t\t\t\t\t\t\t\t<div class=\"elementor-element elementor-element-d42c884 elementor-widget elementor-widget-elementskit-heading\" data-id=\"d42c884\" data-element_type=\"widget\" data-widget_type=\"elementskit-heading.default\">\n\t\t\t\t<div class=\"elementor-widget-container\">\n\t\t\t<div class=\"ekit-wid-con\" ><div class=\"ekit-heading elementskit-section-title-wraper text_left   ekit_heading_tablet-   ekit_heading_mobile-\"><h2 class=\"ekit-heading--title elementskit-section-title\"><span>Tratament:<\/span> \u00een siguran\u021b\u0103 complet\u0103 \u0219i f\u0103r\u0103 durere<\/h2>\t\t\t\t<div class='ekit-heading__description'>\n\t\t\t\t\t<p>Dup\u0103 terminarea planific\u0103rii, pacientul este\nnavigat \u00een camera de tratament cu aer\ncondi\u021bionat, unde este a\u0219ezat pe echipamentul\n\nde radiochirurgie. <br \/>Dispozitivul de radiochirurgie cu sistem rotativ\nseam\u0103n\u0103 cu un aparat de RMN. Cu ajutorul\ncadrului fix, capul este a\u0219ezat \u00een suportul pentru\ncadru, ceea ce previne mi\u0219carea capului \u00een\ntimpul tratamentului.<br \/>\u00cen plus, asigur\u0103 c\u0103\nfotonele converg exact spre zona \u021bint\u0103\ndesemnat\u0103, astfel \u00eenc\u00e2t \u00eencepe procesul de\nnecroz\u0103 a \u021besuturilor.\n\n\u00cen timpul tratamentului, pacientul este singur \u00een\ncamer\u0103, dar este monitorizat permanent \u0219i\npoate comunica cu ajutorul unui microfon.\nPentru distrugerea complet\u0103 a leziunii, aparatul\ntrebuie repozi\u021bionat de mai multe ori \u00een timpul\ntratamentului, a\u0219adar mai mul\u021bi colegi sunt\nprezen\u021bi \u00een acest timp.<\/p>\n\t\t\t\t<\/div>\n\t\t\t<\/div><\/div>\t\t<\/div>\n\t\t\t\t<\/div>\n\t\t\t\t\t<\/div>\n\t\t<\/div>\n\t\t\t\t<div class=\"elementor-column elementor-col-50 elementor-top-column elementor-element elementor-element-686e14b\" data-id=\"686e14b\" data-element_type=\"column\">\n\t\t\t<div class=\"elementor-widget-wrap elementor-element-populated\">\n\t\t\t\t\t\t\t\t<div class=\"elementor-element elementor-element-fcc1840 elementor-widget elementor-widget-image\" data-id=\"fcc1840\" data-element_type=\"widget\" data-widget_type=\"image.default\">\n\t\t\t\t<div class=\"elementor-widget-container\">\n\t\t\t\t\t\t\t\t\t\t\t\t\t\t\t<img loading=\"lazy\" decoding=\"async\" width=\"768\" height=\"512\" src=\"https:\/\/sugarsebeszet.hu\/wp-content\/uploads\/2022\/06\/kep_3-768x512.png\" class=\"attachment-medium_large size-medium_large wp-image-6673\" alt=\"\" srcset=\"https:\/\/sugarsebeszet.hu\/wp-content\/uploads\/2022\/06\/kep_3-768x512.png 768w, https:\/\/sugarsebeszet.hu\/wp-content\/uploads\/2022\/06\/kep_3-300x200.png 300w, https:\/\/sugarsebeszet.hu\/wp-content\/uploads\/2022\/06\/kep_3-1024x683.png 1024w, https:\/\/sugarsebeszet.hu\/wp-content\/uploads\/2022\/06\/kep_3-1536x1024.png 1536w, https:\/\/sugarsebeszet.hu\/wp-content\/uploads\/2022\/06\/kep_3-2048x1365.png 2048w\" sizes=\"auto, (max-width: 768px) 100vw, 768px\" \/>\t\t\t\t\t\t\t\t\t\t\t\t\t\t\t<\/div>\n\t\t\t\t<\/div>\n\t\t\t\t\t<\/div>\n\t\t<\/div>\n\t\t\t\t\t\t\t<\/div>\n\t\t<\/section>\n\t\t\t\t<section class=\"elementor-section elementor-top-section elementor-element elementor-element-6c97913 elementor-section-boxed elementor-section-height-default elementor-section-height-default\" data-id=\"6c97913\" data-element_type=\"section\">\n\t\t\t\t\t\t<div class=\"elementor-container elementor-column-gap-extended\">\n\t\t\t\t\t<div class=\"elementor-column elementor-col-100 elementor-top-column elementor-element elementor-element-d16a6ea\" data-id=\"d16a6ea\" data-element_type=\"column\">\n\t\t\t<div class=\"elementor-widget-wrap elementor-element-populated\">\n\t\t\t\t\t\t\t\t<div class=\"elementor-element elementor-element-ebb8116 elementor-widget elementor-widget-elementskit-heading\" data-id=\"ebb8116\" data-element_type=\"widget\" data-widget_type=\"elementskit-heading.default\">\n\t\t\t\t<div class=\"elementor-widget-container\">\n\t\t\t<div class=\"ekit-wid-con\" ><div class=\"ekit-heading elementskit-section-title-wraper text_left   ekit_heading_tablet-   ekit_heading_mobile-\"><h2 class=\"ekit-heading--title elementskit-section-title\"><span>Dup\u0103 tratament:<\/span> \u00eendep\u0103rtarea cadrului \u0219i\n\nmonitorizarea<\/h2>\t\t\t\t<div class='ekit-heading__description'>\n\t\t\t\t\t<p>La sf\u00e2r\u0219itul tratamentului, cadrul va fi\n\u00eendep\u0103rtat \u0219i micile leziuni vor fi tratate cu\nbandaje. Pacientul va fi informat despre\nsarcinile necesare care urmeaz\u0103 \u0219i despre data\nexamin\u0103rii de control. Pacientul acum are\nposibilitatea s\u0103 m\u0103n\u00e2nce, iar dup\u0103 c\u00e2teva ore\nde observa\u021bie, \u00een cele mai multe cazuri poate\npleca acas\u0103 cu un \u00eenso\u021bitor \u00een aceea\u0219i zi. Dup\u0103 o\nzi de \u0219edere acas\u0103 \u0219i odihn\u0103, stilul obi\u0219nuit de via\u021b\u0103 poate fi continuat\u0103, dac\u0103 celelalte boli\nexistente ale pacientului permit acest lucru.<\/p>\n\t\t\t\t<\/div>\n\t\t\t<\/div><\/div>\t\t<\/div>\n\t\t\t\t<\/div>\n\t\t\t\t\t<\/div>\n\t\t<\/div>\n\t\t\t\t\t\t\t<\/div>\n\t\t<\/section>\n\t\t\t\t<section class=\"elementor-section elementor-top-section elementor-element elementor-element-5aa8c639 elementor-section-boxed elementor-section-height-default elementor-section-height-default\" data-id=\"5aa8c639\" data-element_type=\"section\">\n\t\t\t\t\t\t<div class=\"elementor-container elementor-column-gap-default\">\n\t\t\t\t\t<div class=\"elementor-column elementor-col-100 elementor-top-column elementor-element elementor-element-1af2a8cf\" data-id=\"1af2a8cf\" data-element_type=\"column\">\n\t\t\t<div class=\"elementor-widget-wrap elementor-element-populated\">\n\t\t\t\t\t\t\t\t<div class=\"elementor-element elementor-element-1544b1c8 elementor-fixed elementor-widget__width-auto elementor-widget elementor-widget-global elementor-global-6174 elementor-widget-elementskit-button\" data-id=\"1544b1c8\" data-element_type=\"widget\" data-settings=\"{&quot;_position&quot;:&quot;fixed&quot;}\" data-widget_type=\"elementskit-button.default\">\n\t\t\t\t<div class=\"elementor-widget-container\">\n\t\t\t<div class=\"ekit-wid-con\" >\t\t<div class=\"ekit-btn-wraper\">\n\t\t\t\t\t\t\t<a href=\"#elementor-action:action=popup:open&settings=eyJpZCI6IjYwMzgiLCJ0b2dnbGUiOmZhbHNlfQ==\" class=\"elementskit-btn  whitespace--normal\" >\n\t\t\t\t\t\n\t\t\t\t\t<i aria-hidden=\"true\" class=\"icon icon-chat\"><\/i>\n\t\t\t\t\tConsulta\u021bie\t\t\t\t<\/a>\n\t\t\t\t\t\t<\/div>\n        <\/div>\t\t<\/div>\n\t\t\t\t<\/div>\n\t\t\t\t\t<\/div>\n\t\t<\/div>\n\t\t\t\t\t\t\t<\/div>\n\t\t<\/section>\n\t\t\t\t\t\t\t<\/div>","protected":false},"excerpt":{"rendered":"<p>Kezel\u00e9s menete A kezel\u00e9s \u00e1ltal\u00e1ban 20-40 percig tart, de az elv\u00e1ltoz\u00e1s t\u00edpus\u00e1t\u00f3l \u00e9s nagys\u00e1g\u00e1t\u00f3l f\u00fcgg\u0151en ez m\u00f3dosulhat, n\u00e9h\u00e1ny esetben ak\u00e1r 1,5-2 \u00f3ra is lehet.A beavatkoz\u00e1shoz olyan el\u0151k\u00e9sz\u00fcletek sz\u00fcks\u00e9gesek, melyek egy\u00e9jszak\u00e1s k\u00f3rh\u00e1zi bennfekv\u00e9st ig\u00e9nyelnek.Az ell\u00e1t\u00e1s ut\u00e1n csak k\u00eds\u00e9rettel engedhet\u0151 haza a p\u00e1ciens: a k\u00eds\u00e9r\u0151 sz\u00e1m\u00e1ra a klinika ter\u00fclet\u00e9n \u00e9s a v\u00e1rosban is van sz\u00e1ll\u00e1slehet\u0151s\u00e9g, el\u0151zetesen ezekr\u0151l [&hellip;]<\/p>","protected":false},"author":1,"featured_media":0,"parent":0,"menu_order":5,"comment_status":"closed","ping_status":"closed","template":"template\/template-home.php","meta":{"footnotes":""},"class_list":["post-5969","page","type-page","status-publish","hentry"],"aioseo_notices":[],"_links":{"self":[{"href":"https:\/\/sugarsebeszet.hu\/ro\/wp-json\/wp\/v2\/pages\/5969","targetHints":{"allow":["GET"]}}],"collection":[{"href":"https:\/\/sugarsebeszet.hu\/ro\/wp-json\/wp\/v2\/pages"}],"about":[{"href":"https:\/\/sugarsebeszet.hu\/ro\/wp-json\/wp\/v2\/types\/page"}],"author":[{"embeddable":true,"href":"https:\/\/sugarsebeszet.hu\/ro\/wp-json\/wp\/v2\/users\/1"}],"replies":[{"embeddable":true,"href":"https:\/\/sugarsebeszet.hu\/ro\/wp-json\/wp\/v2\/comments?post=5969"}],"version-history":[{"count":6,"href":"https:\/\/sugarsebeszet.hu\/ro\/wp-json\/wp\/v2\/pages\/5969\/revisions"}],"predecessor-version":[{"id":10815,"href":"https:\/\/sugarsebeszet.hu\/ro\/wp-json\/wp\/v2\/pages\/5969\/revisions\/10815"}],"wp:attachment":[{"href":"https:\/\/sugarsebeszet.hu\/ro\/wp-json\/wp\/v2\/media?parent=5969"}],"curies":[{"name":"wp","href":"https:\/\/api.w.org\/{rel}","templated":true}]}}