{"id":6395,"date":"2022-05-26T07:40:48","date_gmt":"2022-05-26T07:40:48","guid":{"rendered":"http:\/\/sugarseb.local\/?page_id=6395"},"modified":"2022-07-04T14:19:40","modified_gmt":"2022-07-04T14:19:40","slug":"munkatarsak","status":"publish","type":"page","link":"https:\/\/sugarsebeszet.hu\/ro\/munkatarsak\/","title":{"rendered":"Colegii no\u0219tri"},"content":{"rendered":"<div data-elementor-type=\"wp-page\" data-elementor-id=\"6395\" class=\"elementor elementor-6395\" data-elementor-post-type=\"page\">\n\t\t\t\t\t\t\t\t\t<section class=\"elementor-section elementor-top-section elementor-element elementor-element-d8bff00 elementor-section-full_width elementor-section-stretched elementor-section-height-default elementor-section-height-default\" data-id=\"d8bff00\" data-element_type=\"section\" data-settings=\"{&quot;stretch_section&quot;:&quot;section-stretched&quot;,&quot;background_background&quot;:&quot;classic&quot;}\">\n\t\t\t\t\t\t<div class=\"elementor-container elementor-column-gap-default\">\n\t\t\t\t\t<div class=\"elementor-column elementor-col-100 elementor-top-column elementor-element elementor-element-247b064f\" data-id=\"247b064f\" data-element_type=\"column\">\n\t\t\t<div class=\"elementor-widget-wrap elementor-element-populated\">\n\t\t\t\t\t\t\t\t<section class=\"elementor-section elementor-inner-section elementor-element elementor-element-30317f12 elementor-section-boxed elementor-section-height-default elementor-section-height-default\" data-id=\"30317f12\" data-element_type=\"section\">\n\t\t\t\t\t\t<div class=\"elementor-container elementor-column-gap-default\">\n\t\t\t\t\t<div class=\"elementor-column elementor-col-100 elementor-inner-column elementor-element elementor-element-67fdbced\" data-id=\"67fdbced\" data-element_type=\"column\">\n\t\t\t<div class=\"elementor-widget-wrap elementor-element-populated\">\n\t\t\t\t\t\t\t\t<div class=\"elementor-element elementor-element-5b36f26 elementor-widget__width-auto elementor-widget elementor-widget-elementskit-heading\" data-id=\"5b36f26\" data-element_type=\"widget\" data-widget_type=\"elementskit-heading.default\">\n\t\t\t\t<div class=\"elementor-widget-container\">\n\t\t\t<div class=\"ekit-wid-con\" ><div class=\"ekit-heading elementskit-section-title-wraper text_left   ekit_heading_tablet-   ekit_heading_mobile-\"><h1 class=\"ekit-heading--title elementskit-section-title\">Colegii no\u0219tri<\/h1><\/div><\/div>\t\t<\/div>\n\t\t\t\t<\/div>\n\t\t\t\t\t<\/div>\n\t\t<\/div>\n\t\t\t\t\t\t\t<\/div>\n\t\t<\/section>\n\t\t\t\t\t<\/div>\n\t\t<\/div>\n\t\t\t\t\t\t\t<\/div>\n\t\t<\/section>\n\t\t\t\t<section class=\"elementor-section elementor-top-section elementor-element elementor-element-488f555 elementor-section-boxed elementor-section-height-default elementor-section-height-default\" data-id=\"488f555\" data-element_type=\"section\">\n\t\t\t\t\t\t<div class=\"elementor-container elementor-column-gap-default\">\n\t\t\t\t\t<div class=\"elementor-column elementor-col-50 elementor-top-column elementor-element elementor-element-2fdbbb46\" data-id=\"2fdbbb46\" data-element_type=\"column\">\n\t\t\t<div class=\"elementor-widget-wrap elementor-element-populated\">\n\t\t\t\t\t\t\t\t<div class=\"elementor-element elementor-element-284d922e ekit-equal-height-disable elementor-widget elementor-widget-elementskit-image-box\" data-id=\"284d922e\" data-element_type=\"widget\" data-widget_type=\"elementskit-image-box.default\">\n\t\t\t\t<div class=\"elementor-widget-container\">\n\t\t\t<div class=\"ekit-wid-con\" >\n            <div class=\"elementskit-info-image-box ekit-image-box text-center hover_from_right hover-border-bottom\" >\n\n                \n                <div class=\"elementskit-box-header image-box-img-center\">\n\n                    <img loading=\"lazy\" decoding=\"async\" width=\"443\" height=\"450\" src=\"https:\/\/sugarsebeszet.hu\/wp-content\/uploads\/2022\/06\/bognar_fooldal-1.png\" class=\"attachment-full size-full wp-image-6623\" alt=\"\" srcset=\"https:\/\/sugarsebeszet.hu\/wp-content\/uploads\/2022\/06\/bognar_fooldal-1.png 443w, https:\/\/sugarsebeszet.hu\/wp-content\/uploads\/2022\/06\/bognar_fooldal-1-295x300.png 295w\" sizes=\"auto, (max-width: 443px) 100vw, 443px\" \/>\n                <\/div>\n                \n                <div class=\"elementskit-box-body ekit-image-box-body\">\n                    <div class=\"elementskit-box-content ekit-image-box-body-inner\">\n                                                <h3 class=\"elementskit-info-box-title\">\n\n                        Prof. Dr. Bogn\u00e1r L\u00e1szl\u00f3\n                        \n                    <\/h3>\n                                                            <div class=\"elementskit-box-style-content\">\n                        \u0219ef disciplin\u0103,<br> \ndirector medical                    <\/div>\n                                    <\/div>\n\n                            <\/div>\n            <\/div>\n    <\/div>\t\t<\/div>\n\t\t\t\t<\/div>\n\t\t\t\t\t<\/div>\n\t\t<\/div>\n\t\t\t\t<div class=\"elementor-column elementor-col-50 elementor-top-column elementor-element elementor-element-63a451a9\" data-id=\"63a451a9\" data-element_type=\"column\">\n\t\t\t<div class=\"elementor-widget-wrap elementor-element-populated\">\n\t\t\t\t\t\t\t\t<div class=\"elementor-element elementor-element-40cb3a78 ekit-equal-height-disable elementor-widget elementor-widget-elementskit-image-box\" data-id=\"40cb3a78\" data-element_type=\"widget\" data-widget_type=\"elementskit-image-box.default\">\n\t\t\t\t<div class=\"elementor-widget-container\">\n\t\t\t<div class=\"ekit-wid-con\" >\n            <div class=\"elementskit-info-image-box ekit-image-box text-center hover_from_right hover-border-bottom\" >\n\n                \n                <div class=\"elementskit-box-header image-box-img-center\">\n\n                    <img loading=\"lazy\" decoding=\"async\" width=\"443\" height=\"450\" src=\"https:\/\/sugarsebeszet.hu\/wp-content\/uploads\/2022\/06\/0003_Fedorcsak_doktor.jpg\" class=\"attachment-full size-full wp-image-6617\" alt=\"\" srcset=\"https:\/\/sugarsebeszet.hu\/wp-content\/uploads\/2022\/06\/0003_Fedorcsak_doktor.jpg 443w, https:\/\/sugarsebeszet.hu\/wp-content\/uploads\/2022\/06\/0003_Fedorcsak_doktor-295x300.jpg 295w\" sizes=\"auto, (max-width: 443px) 100vw, 443px\" \/>\n                <\/div>\n                \n                <div class=\"elementskit-box-body ekit-image-box-body\">\n                    <div class=\"elementskit-box-content ekit-image-box-body-inner\">\n                                                <h3 class=\"elementskit-info-box-title\">\n\n                        Dr. Fedorcs\u00e1k Imre\n                        \n                    <\/h3>\n                                                            <div class=\"elementskit-box-style-content\">\n                        neurochirurg, oncolog, <br>director \u0219tiin\u021bific                     <\/div>\n                                    <\/div>\n\n                            <\/div>\n            <\/div>\n    <\/div>\t\t<\/div>\n\t\t\t\t<\/div>\n\t\t\t\t\t<\/div>\n\t\t<\/div>\n\t\t\t\t\t\t\t<\/div>\n\t\t<\/section>\n\t\t\t\t<section class=\"elementor-section elementor-top-section elementor-element elementor-element-6ab7bfed elementor-section-boxed elementor-section-height-default elementor-section-height-default\" data-id=\"6ab7bfed\" data-element_type=\"section\">\n\t\t\t\t\t\t<div class=\"elementor-container elementor-column-gap-default\">\n\t\t\t\t\t<div class=\"elementor-column elementor-col-50 elementor-top-column elementor-element elementor-element-7d3ba07d\" data-id=\"7d3ba07d\" data-element_type=\"column\">\n\t\t\t<div class=\"elementor-widget-wrap elementor-element-populated\">\n\t\t\t\t\t\t\t\t<div class=\"elementor-element elementor-element-65866ebb ekit-equal-height-disable elementor-widget elementor-widget-elementskit-image-box\" data-id=\"65866ebb\" data-element_type=\"widget\" data-widget_type=\"elementskit-image-box.default\">\n\t\t\t\t<div class=\"elementor-widget-container\">\n\t\t\t<div class=\"ekit-wid-con\" >\n            <div class=\"elementskit-info-image-box ekit-image-box text-center hover_from_right hover-border-bottom\" >\n\n                \n                <div class=\"elementskit-box-header image-box-img-center\">\n\n                    <img loading=\"lazy\" decoding=\"async\" width=\"443\" height=\"450\" src=\"https:\/\/sugarsebeszet.hu\/wp-content\/uploads\/2022\/06\/dobai_doktor2-scaled-masolat.jpg\" class=\"attachment-full size-full wp-image-6628\" alt=\"\" srcset=\"https:\/\/sugarsebeszet.hu\/wp-content\/uploads\/2022\/06\/dobai_doktor2-scaled-masolat.jpg 443w, https:\/\/sugarsebeszet.hu\/wp-content\/uploads\/2022\/06\/dobai_doktor2-scaled-masolat-295x300.jpg 295w\" sizes=\"auto, (max-width: 443px) 100vw, 443px\" \/>\n                <\/div>\n                \n                <div class=\"elementskit-box-body ekit-image-box-body\">\n                    <div class=\"elementskit-box-content ekit-image-box-body-inner\">\n                                                <h3 class=\"elementskit-info-box-title\">\n\n                        Dr. Dobai J\u00f3zsef\n                        \n                    <\/h3>\n                                                            <div class=\"elementskit-box-style-content\">\n                        neurochirurg                    <\/div>\n                                    <\/div>\n\n                            <\/div>\n            <\/div>\n    <\/div>\t\t<\/div>\n\t\t\t\t<\/div>\n\t\t\t\t\t<\/div>\n\t\t<\/div>\n\t\t\t\t<div class=\"elementor-column elementor-col-50 elementor-top-column elementor-element elementor-element-4942c713\" data-id=\"4942c713\" data-element_type=\"column\">\n\t\t\t<div class=\"elementor-widget-wrap elementor-element-populated\">\n\t\t\t\t\t\t\t\t<div class=\"elementor-element elementor-element-6add1ddf ekit-equal-height-disable elementor-widget elementor-widget-elementskit-image-box\" data-id=\"6add1ddf\" data-element_type=\"widget\" data-widget_type=\"elementskit-image-box.default\">\n\t\t\t\t<div class=\"elementor-widget-container\">\n\t\t\t<div class=\"ekit-wid-con\" >\n            <div class=\"elementskit-info-image-box ekit-image-box text-center hover_from_right hover-border-bottom\" >\n\n                \n                <div class=\"elementskit-box-header image-box-img-center\">\n\n                    <img loading=\"lazy\" decoding=\"async\" width=\"443\" height=\"450\" src=\"https:\/\/sugarsebeszet.hu\/wp-content\/uploads\/2022\/06\/0000_hutoczki_doktor.jpg\" class=\"attachment-full size-full wp-image-6614\" alt=\"\" srcset=\"https:\/\/sugarsebeszet.hu\/wp-content\/uploads\/2022\/06\/0000_hutoczki_doktor.jpg 443w, https:\/\/sugarsebeszet.hu\/wp-content\/uploads\/2022\/06\/0000_hutoczki_doktor-295x300.jpg 295w\" sizes=\"auto, (max-width: 443px) 100vw, 443px\" \/>\n                <\/div>\n                \n                <div class=\"elementskit-box-body ekit-image-box-body\">\n                    <div class=\"elementskit-box-content ekit-image-box-body-inner\">\n                                                <h3 class=\"elementskit-info-box-title\">\n\n                        Dr. Hut\u00f3czki G\u00e1bor\n                        \n                    <\/h3>\n                                                            <div class=\"elementskit-box-style-content\">\n                        neurochirurg                    <\/div>\n                                    <\/div>\n\n                            <\/div>\n            <\/div>\n    <\/div>\t\t<\/div>\n\t\t\t\t<\/div>\n\t\t\t\t\t<\/div>\n\t\t<\/div>\n\t\t\t\t\t\t\t<\/div>\n\t\t<\/section>\n\t\t\t\t<section class=\"elementor-section elementor-top-section elementor-element elementor-element-48029bbe elementor-section-boxed elementor-section-height-default elementor-section-height-default\" data-id=\"48029bbe\" data-element_type=\"section\">\n\t\t\t\t\t\t<div class=\"elementor-container elementor-column-gap-default\">\n\t\t\t\t\t<div class=\"elementor-column elementor-col-50 elementor-top-column elementor-element elementor-element-3d905c65\" data-id=\"3d905c65\" data-element_type=\"column\">\n\t\t\t<div class=\"elementor-widget-wrap elementor-element-populated\">\n\t\t\t\t\t\t\t\t<div class=\"elementor-element elementor-element-7a3672b1 ekit-equal-height-disable elementor-widget elementor-widget-elementskit-image-box\" data-id=\"7a3672b1\" data-element_type=\"widget\" data-widget_type=\"elementskit-image-box.default\">\n\t\t\t\t<div class=\"elementor-widget-container\">\n\t\t\t<div class=\"ekit-wid-con\" >\n            <div class=\"elementskit-info-image-box ekit-image-box text-center hover_from_right hover-border-bottom\" >\n\n                \n                <div class=\"elementskit-box-header image-box-img-center\">\n\n                    <img loading=\"lazy\" decoding=\"async\" width=\"443\" height=\"450\" src=\"https:\/\/sugarsebeszet.hu\/wp-content\/uploads\/2022\/06\/0002_gulyaslaszlo.jpg\" class=\"attachment-full size-full wp-image-6616\" alt=\"\" srcset=\"https:\/\/sugarsebeszet.hu\/wp-content\/uploads\/2022\/06\/0002_gulyaslaszlo.jpg 443w, https:\/\/sugarsebeszet.hu\/wp-content\/uploads\/2022\/06\/0002_gulyaslaszlo-295x300.jpg 295w\" sizes=\"auto, (max-width: 443px) 100vw, 443px\" \/>\n                <\/div>\n                \n                <div class=\"elementskit-box-body ekit-image-box-body\">\n                    <div class=\"elementskit-box-content ekit-image-box-body-inner\">\n                                                <h3 class=\"elementskit-info-box-title\">\n\n                        Guly\u00e1s L\u00e1szl\u00f3\n                        \n                    <\/h3>\n                                                            <div class=\"elementskit-box-style-content\">\n                        fizician coordonator                    <\/div>\n                                    <\/div>\n\n                            <\/div>\n            <\/div>\n    <\/div>\t\t<\/div>\n\t\t\t\t<\/div>\n\t\t\t\t\t<\/div>\n\t\t<\/div>\n\t\t\t\t<div class=\"elementor-column elementor-col-50 elementor-top-column elementor-element elementor-element-25845077\" data-id=\"25845077\" data-element_type=\"column\">\n\t\t\t<div class=\"elementor-widget-wrap elementor-element-populated\">\n\t\t\t\t\t\t\t\t<div class=\"elementor-element elementor-element-7566e4aa ekit-equal-height-disable elementor-widget elementor-widget-elementskit-image-box\" data-id=\"7566e4aa\" data-element_type=\"widget\" data-widget_type=\"elementskit-image-box.default\">\n\t\t\t\t<div class=\"elementor-widget-container\">\n\t\t\t<div class=\"ekit-wid-con\" >\n            <div class=\"elementskit-info-image-box ekit-image-box text-center hover_from_right hover-border-bottom\" >\n\n                \n                <div class=\"elementskit-box-header image-box-img-center\">\n\n                    <img loading=\"lazy\" decoding=\"async\" width=\"443\" height=\"450\" src=\"https:\/\/sugarsebeszet.hu\/wp-content\/uploads\/2022\/06\/0001_hollo-tamas1.jpg\" class=\"attachment-full size-full wp-image-6615\" alt=\"\" srcset=\"https:\/\/sugarsebeszet.hu\/wp-content\/uploads\/2022\/06\/0001_hollo-tamas1.jpg 443w, https:\/\/sugarsebeszet.hu\/wp-content\/uploads\/2022\/06\/0001_hollo-tamas1-295x300.jpg 295w\" sizes=\"auto, (max-width: 443px) 100vw, 443px\" \/>\n                <\/div>\n                \n                <div class=\"elementskit-box-body ekit-image-box-body\">\n                    <div class=\"elementskit-box-content ekit-image-box-body-inner\">\n                                                <h3 class=\"elementskit-info-box-title\">\n\n                        Holl\u00f3 Tam\u00e1s\n                        \n                    <\/h3>\n                                                            <div class=\"elementskit-box-style-content\">\n                        fizician                    <\/div>\n                                    <\/div>\n\n                            <\/div>\n            <\/div>\n    <\/div>\t\t<\/div>\n\t\t\t\t<\/div>\n\t\t\t\t\t<\/div>\n\t\t<\/div>\n\t\t\t\t\t\t\t<\/div>\n\t\t<\/section>\n\t\t\t\t<section class=\"elementor-section elementor-top-section elementor-element elementor-element-a9b4fcc elementor-section-boxed elementor-section-height-default elementor-section-height-default\" data-id=\"a9b4fcc\" data-element_type=\"section\">\n\t\t\t\t\t\t<div class=\"elementor-container elementor-column-gap-default\">\n\t\t\t\t\t<div class=\"elementor-column elementor-col-50 elementor-top-column elementor-element elementor-element-13da7b69\" data-id=\"13da7b69\" data-element_type=\"column\">\n\t\t\t<div class=\"elementor-widget-wrap elementor-element-populated\">\n\t\t\t\t\t\t\t\t<div class=\"elementor-element elementor-element-8ce2045 ekit-equal-height-disable elementor-widget elementor-widget-elementskit-image-box\" data-id=\"8ce2045\" data-element_type=\"widget\" data-widget_type=\"elementskit-image-box.default\">\n\t\t\t\t<div class=\"elementor-widget-container\">\n\t\t\t<div class=\"ekit-wid-con\" >\n            <div class=\"elementskit-info-image-box ekit-image-box text-center hover_from_right hover-border-bottom\" >\n\n                \n                <div class=\"elementskit-box-header image-box-img-center\">\n\n                    <img loading=\"lazy\" decoding=\"async\" width=\"443\" height=\"450\" src=\"https:\/\/sugarsebeszet.hu\/wp-content\/uploads\/2022\/06\/0005_olah_margo1.jpg\" class=\"attachment-full size-full wp-image-6619\" alt=\"\" srcset=\"https:\/\/sugarsebeszet.hu\/wp-content\/uploads\/2022\/06\/0005_olah_margo1.jpg 443w, https:\/\/sugarsebeszet.hu\/wp-content\/uploads\/2022\/06\/0005_olah_margo1-295x300.jpg 295w\" sizes=\"auto, (max-width: 443px) 100vw, 443px\" \/>\n                <\/div>\n                \n                <div class=\"elementskit-box-body ekit-image-box-body\">\n                    <div class=\"elementskit-box-content ekit-image-box-body-inner\">\n                                                <h3 class=\"elementskit-info-box-title\">\n\n                        Ol\u00e1h Marg\u00f3\n                        \n                    <\/h3>\n                                                            <div class=\"elementskit-box-style-content\">\n                        asistent medical                    <\/div>\n                                    <\/div>\n\n                            <\/div>\n            <\/div>\n    <\/div>\t\t<\/div>\n\t\t\t\t<\/div>\n\t\t\t\t\t<\/div>\n\t\t<\/div>\n\t\t\t\t<div class=\"elementor-column elementor-col-50 elementor-top-column elementor-element elementor-element-c57425e\" data-id=\"c57425e\" data-element_type=\"column\">\n\t\t\t<div class=\"elementor-widget-wrap elementor-element-populated\">\n\t\t\t\t\t\t\t\t<div class=\"elementor-element elementor-element-7a53ee1f ekit-equal-height-disable elementor-widget elementor-widget-elementskit-image-box\" data-id=\"7a53ee1f\" data-element_type=\"widget\" data-widget_type=\"elementskit-image-box.default\">\n\t\t\t\t<div class=\"elementor-widget-container\">\n\t\t\t<div class=\"ekit-wid-con\" >\n            <div class=\"elementskit-info-image-box ekit-image-box text-center hover_from_right hover-border-bottom\" >\n\n                \n                <div class=\"elementskit-box-header image-box-img-center\">\n\n                    <img loading=\"lazy\" decoding=\"async\" width=\"443\" height=\"450\" src=\"https:\/\/sugarsebeszet.hu\/wp-content\/uploads\/2022\/06\/0004_szakal_lajosne1.jpg\" class=\"attachment-full size-full wp-image-6618\" alt=\"\" srcset=\"https:\/\/sugarsebeszet.hu\/wp-content\/uploads\/2022\/06\/0004_szakal_lajosne1.jpg 443w, https:\/\/sugarsebeszet.hu\/wp-content\/uploads\/2022\/06\/0004_szakal_lajosne1-295x300.jpg 295w\" sizes=\"auto, (max-width: 443px) 100vw, 443px\" \/>\n                <\/div>\n                \n                <div class=\"elementskit-box-body ekit-image-box-body\">\n                    <div class=\"elementskit-box-content ekit-image-box-body-inner\">\n                                                <h3 class=\"elementskit-info-box-title\">\n\n                        Szak\u00e1l Lajosn\u00e9\n                        \n                    <\/h3>\n                                                            <div class=\"elementskit-box-style-content\">\n                        asistent medical                    <\/div>\n                                    <\/div>\n\n                            <\/div>\n            <\/div>\n    <\/div>\t\t<\/div>\n\t\t\t\t<\/div>\n\t\t\t\t\t<\/div>\n\t\t<\/div>\n\t\t\t\t\t\t\t<\/div>\n\t\t<\/section>\n\t\t\t\t<section class=\"elementor-section elementor-top-section elementor-element elementor-element-e9719a7 elementor-section-boxed elementor-section-height-default elementor-section-height-default\" data-id=\"e9719a7\" data-element_type=\"section\">\n\t\t\t\t\t\t<div class=\"elementor-container elementor-column-gap-default\">\n\t\t\t\t\t<div class=\"elementor-column elementor-col-100 elementor-top-column elementor-element elementor-element-206b6e50\" data-id=\"206b6e50\" data-element_type=\"column\">\n\t\t\t<div class=\"elementor-widget-wrap elementor-element-populated\">\n\t\t\t\t\t\t\t\t<div class=\"elementor-element elementor-element-219d6079 elementor-fixed elementor-widget__width-auto elementor-widget elementor-widget-global elementor-global-6174 elementor-widget-elementskit-button\" data-id=\"219d6079\" data-element_type=\"widget\" data-settings=\"{&quot;_position&quot;:&quot;fixed&quot;}\" data-widget_type=\"elementskit-button.default\">\n\t\t\t\t<div class=\"elementor-widget-container\">\n\t\t\t<div class=\"ekit-wid-con\" >\t\t<div class=\"ekit-btn-wraper\">\n\t\t\t\t\t\t\t<a href=\"#elementor-action:action=popup:open&settings=eyJpZCI6IjYwMzgiLCJ0b2dnbGUiOmZhbHNlfQ==\" class=\"elementskit-btn  whitespace--normal\" >\n\t\t\t\t\t\n\t\t\t\t\t<i aria-hidden=\"true\" class=\"icon icon-chat\"><\/i>\n\t\t\t\t\tConsulta\u021bie\t\t\t\t<\/a>\n\t\t\t\t\t\t<\/div>\n        <\/div>\t\t<\/div>\n\t\t\t\t<\/div>\n\t\t\t\t\t<\/div>\n\t\t<\/div>\n\t\t\t\t\t\t\t<\/div>\n\t\t<\/section>\n\t\t\t\t\t\t\t<\/div>","protected":false},"excerpt":{"rendered":"<p>Munkat\u00e1rsak Prof. Dr. Bogn\u00e1r L\u00e1szl\u00f3 tansz\u00e9kvezet\u0151 egyetemi tan\u00e1r, klinikaigazgat\u00f3 Dr. Fedorcs\u00e1k Imre idegseb\u00e9sz, klinikai onkol\u00f3gus, tudom\u00e1nyos igazgat\u00f3 Dr. Dobai J\u00f3zsef idegseb\u00e9sz Dr. Hut\u00f3czki G\u00e1bor idegseb\u00e9sz Guly\u00e1s L\u00e1szl\u00f3 vezet\u0151 fizikus Holl\u00f3 Tam\u00e1s fizikus Ol\u00e1h Marg\u00f3 szakasszisztens Szak\u00e1l Lajosn\u00e9 szakasszisztens Konzult\u00e1ci\u00f3<\/p>","protected":false},"author":1,"featured_media":0,"parent":0,"menu_order":7,"comment_status":"closed","ping_status":"closed","template":"template\/template-home.php","meta":{"footnotes":""},"class_list":["post-6395","page","type-page","status-publish","hentry"],"aioseo_notices":[],"_links":{"self":[{"href":"https:\/\/sugarsebeszet.hu\/ro\/wp-json\/wp\/v2\/pages\/6395","targetHints":{"allow":["GET"]}}],"collection":[{"href":"https:\/\/sugarsebeszet.hu\/ro\/wp-json\/wp\/v2\/pages"}],"about":[{"href":"https:\/\/sugarsebeszet.hu\/ro\/wp-json\/wp\/v2\/types\/page"}],"author":[{"embeddable":true,"href":"https:\/\/sugarsebeszet.hu\/ro\/wp-json\/wp\/v2\/users\/1"}],"replies":[{"embeddable":true,"href":"https:\/\/sugarsebeszet.hu\/ro\/wp-json\/wp\/v2\/comments?post=6395"}],"version-history":[{"count":0,"href":"https:\/\/sugarsebeszet.hu\/ro\/wp-json\/wp\/v2\/pages\/6395\/revisions"}],"wp:attachment":[{"href":"https:\/\/sugarsebeszet.hu\/ro\/wp-json\/wp\/v2\/media?parent=6395"}],"curies":[{"name":"wp","href":"https:\/\/api.w.org\/{rel}","templated":true}]}}